{"id":4288,"date":"2025-09-02T11:46:26","date_gmt":"2025-09-02T09:46:26","guid":{"rendered":"https:\/\/wbznord.de\/tedarik-zinciri\/"},"modified":"2025-09-25T16:25:09","modified_gmt":"2025-09-25T14:25:09","slug":"tedarik-zinciri","status":"publish","type":"page","link":"https:\/\/wbznord.de\/tr\/tedarik-zinciri\/","title":{"rendered":"Tedarik zinciri"},"content":{"rendered":"<div id='av-layout-grid-1'  class='av-layout-grid-container av-lk6kyhcu-193bb41cb15d1c727b3ce41b4475daf8 entry-content-wrapper main_color av-flex-cells  avia-builder-el-0  el_before_av_layout_row  avia-builder-el-first   container_wrap sidebar_right'  >\n\n<style type=\"text\/css\" data-created_by=\"avia_inline_auto\" id=\"style-css-av-lk6kzpwq-5aa3143a964d095df1c96cadd050ae50\">\n.flex_cell.av-lk6kzpwq-5aa3143a964d095df1c96cadd050ae50{\nvertical-align:top;\nheight:150px;\nmin-height:150px;\nbackground-color:#05598d;\nbackground:linear-gradient( to right, #05598d, #007da6 );\n}\n<\/style>\n<div class='flex_cell av-lk6kzpwq-5aa3143a964d095df1c96cadd050ae50 av-gridrow-cell av_one_full no_margin  avia-builder-el-1  avia-builder-el-no-sibling ' ><div class='flex_cell_inner'>\n<style type=\"text\/css\" data-created_by=\"avia_inline_auto\" id=\"style-css-av-7t2c5-2d1cc4568085e81ef997fb8e7a8d2986\">\n\n@media only screen and (min-width: 990px){ \n.flex_column.av-7t2c5-2d1cc4568085e81ef997fb8e7a8d2986{\npadding:0 0 0 475px;\n}\n}\n\n@media only screen and (min-width: 768px) and (max-width: 989px){ \n.flex_column.av-7t2c5-2d1cc4568085e81ef997fb8e7a8d2986{\npadding:0 0 0 0px;\n}\n}\n\n@media only screen and (min-width: 480px) and (max-width: 767px){ \n.flex_column.av-7t2c5-2d1cc4568085e81ef997fb8e7a8d2986{\npadding:0 0 0 0px;\n}\n}\n\n@media only screen and (max-width: 479px){ \n.flex_column.av-7t2c5-2d1cc4568085e81ef997fb8e7a8d2986{\npadding:0 0 0 0px;\n}\n}\n<\/style>\n<div  class='flex_column av-7t2c5-2d1cc4568085e81ef997fb8e7a8d2986 av_one_full  avia-builder-el-2  avia-builder-el-no-sibling  first flex_column_div  '     ><style type=\"text\/css\" data-created_by=\"avia_inline_auto\" id=\"style-css-av-lk6l2cse-daeb20aaf53ccebfbeb22b7ce01eb270\">\n#top .av_textblock_section.av-lk6l2cse-daeb20aaf53ccebfbeb22b7ce01eb270 .avia_textblock{\nfont-size:32px;\ncolor:#ffffff;\n}\n<\/style>\n<section  class='av_textblock_section av-lk6l2cse-daeb20aaf53ccebfbeb22b7ce01eb270 '   itemscope=\"itemscope\" itemtype=\"https:\/\/schema.org\/CreativeWork\" ><div class='avia_textblock top-banner-text av_inherit_color'  itemprop=\"text\" ><p><strong>TESL\u0130MAT Z\u0130NC\u0130R\u0130<\/strong><\/p>\n<\/div><\/section><\/div>\n<\/div><\/div>\n<\/div>\n<div id='av-layout-grid-2'  class='av-layout-grid-container av-dpluu-af4d0b21d6b90008ff9d38ffdc345df3 entry-content-wrapper main_color av-flex-cells  avia-builder-el-4  el_after_av_layout_row  el_before_av_section  grid-row-not-first  container_wrap sidebar_right'  >\n\n<style type=\"text\/css\" data-created_by=\"avia_inline_auto\" id=\"style-css-av-awzxy-f57529eaedc151e85657e68ca005b719\">\n.flex_cell.av-awzxy-f57529eaedc151e85657e68ca005b719{\nvertical-align:top;\nheight:296px;\nmin-height:296px;\nbackground:url(https:\/\/wbznord.de\/wp-content\/uploads\/2023\/07\/marken_top_banner.jpg) 50% 50% no-repeat scroll ;\n}\n.responsive #top #wrap_all .flex_cell.av-awzxy-f57529eaedc151e85657e68ca005b719{\npadding:0px 0px 0px 0px !important;\n}\n<\/style>\n<div class='flex_cell av-awzxy-f57529eaedc151e85657e68ca005b719 av-gridrow-cell av_one_full no_margin  avia-builder-el-5  avia-builder-el-no-sibling  av-zero-padding avia-full-contain' ><div class='flex_cell_inner'><\/div><\/div>\n<\/div>\n\n<style type=\"text\/css\" data-created_by=\"avia_inline_auto\" id=\"style-css-av-1ekupy-44656d8dae2783c29797cbf86bae3ece\">\n.avia-section.av-1ekupy-44656d8dae2783c29797cbf86bae3ece{\nmargin-top:80px;\nmargin-bottom:80px;\n}\n<\/style>\n<div id='av_section_1'  class='avia-section av-1ekupy-44656d8dae2783c29797cbf86bae3ece main_color avia-section-no-padding avia-no-border-styling  avia-builder-el-6  el_after_av_layout_row  el_before_av_layout_row  avia-bg-style-scroll container_wrap sidebar_right'  ><div class='container av-section-cont-open' ><div class='template-page content  av-content-small alpha units'><div class='post-entry post-entry-type-page post-entry-4288'><div class='entry-content-wrapper clearfix'>\n<div  class='flex_column av-2sw6tp-092171d434974227c115ce0eabdb465b av_one_full  avia-builder-el-7  el_before_av_one_full  avia-builder-el-first  first flex_column_div  '     ><section  class='av_textblock_section av-1m6fhi-6f333eb1972f1291b4f581a30c99eaa8 '   itemscope=\"itemscope\" itemtype=\"https:\/\/schema.org\/CreativeWork\" ><div class='avia_textblock'  itemprop=\"text\" ><h2 style=\"text-align: center;\"><strong>K\u00fcreselle\u015fme ve teknolojik de\u011fi\u015fim nedeniyle piyasalar\u0131n ve tedarik zincirlerinin giderek daha dinamik hale geldi\u011fi bir d\u00f6nemde, \u015feffafl\u0131k her zamankinden daha \u00f6nemlidir. S\u00fcrd\u00fcr\u00fclebilir ve izlenebilir katma de\u011fer i\u00e7in tedarik kaynaklar\u0131m\u0131z\u0131n arkas\u0131nda duruyor ve yeni zorluklara esnek bir \u015fekilde uyum sa\u011fl\u0131yoruz.<\/strong><br \/>\nG\u0131da sekt\u00f6r\u00fcnden tedarik\u00e7ilerle k\u00fcresel bir a\u011f\u0131m\u0131z var.<\/h2>\n<\/div><\/section><\/div><div  class='flex_column av-335pxz-9f789e910c9b4c6648561daed4bd0d4e av_one_full  avia-builder-el-9  el_after_av_one_full  avia-builder-el-last  first flex_column_div  column-top-margin'     ><p>\n<style type=\"text\/css\" data-created_by=\"avia_inline_auto\" id=\"style-css-av-mfpk8urn-d5d0a97f9030718787e233f96d4e1bb5\">\n#top .avia-icon-list-container.av-mfpk8urn-d5d0a97f9030718787e233f96d4e1bb5 .iconlist_icon{\ncolor:#b02b2c;\nbackground-color:#b02b2c;\nborder:1px solid #ffffff;\nfont-size:16px;\n}\n#top #wrap_all .avia-icon-list-container.av-mfpk8urn-d5d0a97f9030718787e233f96d4e1bb5 .av_iconlist_title{\nfont-size:16px;\ncolor:#b02b2c;\n}\n<\/style>\n<div  class='avia-icon-list-container av-mfpk8urn-d5d0a97f9030718787e233f96d4e1bb5  avia-builder-el-10  el_before_av_codeblock  avia-builder-el-first '><ul class='avia-icon-list avia_animate_when_almost_visible avia-icon-list-left av-iconlist-small av-mfpk8urn-d5d0a97f9030718787e233f96d4e1bb5 avia-iconlist-animate'>\n<li><div class='iconlist_icon av-mfpk70w7-362d35a0d8493b9f13458c7d6ef5c9b1 avia-font-entypo-fontello'><span class='iconlist-char' aria-hidden='true' data-av_icon='\ue89a' data-av_iconfont='entypo-fontello'><\/span><\/div><article class=\"article-icon-entry av-iconlist-empty\"  itemscope=\"itemscope\" itemtype=\"https:\/\/schema.org\/CreativeWork\" ><div class=\"iconlist_content_wrap\"><header class=\"entry-content-header\"><div class='av_iconlist_title iconlist_title_small  av_inherit_color'  itemprop=\"headline\" >Ayr\u0131nt\u0131l\u0131 bir g\u00f6r\u00fcn\u00fcm a\u00e7mak i\u00e7in etiketli b\u00f6lgelere t\u0131klay\u0131n<\/div><\/header><div class='iconlist_content '  itemprop=\"text\" ><\/div><\/div><footer class=\"entry-footer\"><\/footer><\/article><div class=\"iconlist-timeline\"><\/div><\/li>\n<\/ul><\/div><br \/>\n<\/p><\/div><\/div><\/div><\/div><!-- close content main div --><\/div><\/div><div id='av-layout-grid-3'  class='av-layout-grid-container av-8t606-c388103ba14bd0eb2713b4e40af2d55f entry-content-wrapper main_color av-flex-cells  avia-builder-el-12  el_after_av_section  avia-builder-el-last  grid-row-not-first  container_wrap sidebar_right'  >\n\n<style type=\"text\/css\" data-created_by=\"avia_inline_auto\" id=\"style-css-av-lk6i4l41-e3a6be747e424343ff8181ce8a3a0360\">\n.flex_cell.av-lk6i4l41-e3a6be747e424343ff8181ce8a3a0360{\nvertical-align:top;\nheight:296px;\nmin-height:296px;\nbackground:url(https:\/\/wbznord.de\/wp-content\/uploads\/2023\/07\/marken_bottom_banner.jpg) 50% 50% no-repeat scroll ;\n}\n.responsive #top #wrap_all .flex_cell.av-lk6i4l41-e3a6be747e424343ff8181ce8a3a0360{\npadding:0px 0px 0px 0px !important;\n}\n<\/style>\n<div class='flex_cell av-lk6i4l41-e3a6be747e424343ff8181ce8a3a0360 av-gridrow-cell av_one_full no_margin  avia-builder-el-13  avia-builder-el-no-sibling  av-zero-padding avia-full-contain' ><div class='flex_cell_inner'><\/div><\/div>\n<\/div><\/p>\n","protected":false},"excerpt":{"rendered":"<p>Bu bir Sayfa al\u0131nt\u0131s\u0131d\u0131r. Arama sonu\u00e7lar\u0131 i\u00e7in g\u00f6r\u00fcnt\u00fclenecektir<\/p>\n","protected":false},"author":1,"featured_media":0,"parent":0,"menu_order":0,"comment_status":"open","ping_status":"closed","template":"","meta":{"footnotes":""},"_links":{"self":[{"href":"https:\/\/wbznord.de\/tr\/wp-json\/wp\/v2\/pages\/4288"}],"collection":[{"href":"https:\/\/wbznord.de\/tr\/wp-json\/wp\/v2\/pages"}],"about":[{"href":"https:\/\/wbznord.de\/tr\/wp-json\/wp\/v2\/types\/page"}],"author":[{"embeddable":true,"href":"https:\/\/wbznord.de\/tr\/wp-json\/wp\/v2\/users\/1"}],"replies":[{"embeddable":true,"href":"https:\/\/wbznord.de\/tr\/wp-json\/wp\/v2\/comments?post=4288"}],"version-history":[{"count":16,"href":"https:\/\/wbznord.de\/tr\/wp-json\/wp\/v2\/pages\/4288\/revisions"}],"predecessor-version":[{"id":4421,"href":"https:\/\/wbznord.de\/tr\/wp-json\/wp\/v2\/pages\/4288\/revisions\/4421"}],"wp:attachment":[{"href":"https:\/\/wbznord.de\/tr\/wp-json\/wp\/v2\/media?parent=4288"}],"curies":[{"name":"wp","href":"https:\/\/api.w.org\/{rel}","templated":true}]}}