{"id":4072,"date":"2025-06-23T11:11:26","date_gmt":"2025-06-23T09:11:26","guid":{"rendered":"https:\/\/wbznord.de\/kariyer-2\/"},"modified":"2025-07-01T15:48:18","modified_gmt":"2025-07-01T13:48:18","slug":"kariyer-2","status":"publish","type":"page","link":"https:\/\/wbznord.de\/tr\/kariyer-2\/","title":{"rendered":"Kariyer"},"content":{"rendered":"<div id='av-layout-grid-1'  class='av-layout-grid-container av-lk6kyhcu-193bb41cb15d1c727b3ce41b4475daf8 entry-content-wrapper main_color av-flex-cells  avia-builder-el-0  el_before_av_layout_row  avia-builder-el-first   container_wrap sidebar_right'  >\n\n<style type=\"text\/css\" data-created_by=\"avia_inline_auto\" id=\"style-css-av-lk6kzpwq-5aa3143a964d095df1c96cadd050ae50\">\n.flex_cell.av-lk6kzpwq-5aa3143a964d095df1c96cadd050ae50{\nvertical-align:top;\nheight:150px;\nmin-height:150px;\nbackground-color:#05598d;\nbackground:linear-gradient( to right, #05598d, #007da6 );\n}\n<\/style>\n<div class='flex_cell av-lk6kzpwq-5aa3143a964d095df1c96cadd050ae50 av-gridrow-cell av_one_full no_margin  avia-builder-el-1  avia-builder-el-no-sibling ' ><div class='flex_cell_inner'>\n<style type=\"text\/css\" data-created_by=\"avia_inline_auto\" id=\"style-css-av-7t2c5-756493ac69f532dc52de231942a0e1a7\">\n\n@media only screen and (min-width: 990px){ \n.flex_column.av-7t2c5-756493ac69f532dc52de231942a0e1a7{\npadding:0 0 0 25%;\n}\n}\n\n@media only screen and (min-width: 768px) and (max-width: 989px){ \n.flex_column.av-7t2c5-756493ac69f532dc52de231942a0e1a7{\npadding:0 0 0 0px;\n}\n}\n\n@media only screen and (min-width: 480px) and (max-width: 767px){ \n.flex_column.av-7t2c5-756493ac69f532dc52de231942a0e1a7{\npadding:0 0 0 0px;\n}\n}\n\n@media only screen and (max-width: 479px){ \n.flex_column.av-7t2c5-756493ac69f532dc52de231942a0e1a7{\npadding:0 0 0 0px;\n}\n}\n<\/style>\n<div  class='flex_column av-7t2c5-756493ac69f532dc52de231942a0e1a7 av_one_full  avia-builder-el-2  avia-builder-el-no-sibling  first flex_column_div  '     ><style type=\"text\/css\" data-created_by=\"avia_inline_auto\" id=\"style-css-av-lk6l2cse-daeb20aaf53ccebfbeb22b7ce01eb270\">\n#top .av_textblock_section.av-lk6l2cse-daeb20aaf53ccebfbeb22b7ce01eb270 .avia_textblock{\nfont-size:32px;\ncolor:#ffffff;\n}\n<\/style>\n<section  class='av_textblock_section av-lk6l2cse-daeb20aaf53ccebfbeb22b7ce01eb270 '   itemscope=\"itemscope\" itemtype=\"https:\/\/schema.org\/CreativeWork\" ><div class='avia_textblock top-banner-text av_inherit_color'  itemprop=\"text\" ><p><strong>Kariyer:<\/strong> De\u011ferlerinize uygun bir ortamda.<\/p>\n<\/div><\/section><\/div>\n<\/div><\/div>\n<\/div>\n<div id='av-layout-grid-2'  class='av-layout-grid-container av-dpluu-af4d0b21d6b90008ff9d38ffdc345df3 entry-content-wrapper main_color av-flex-cells  avia-builder-el-4  el_after_av_layout_row  el_before_av_section  grid-row-not-first  container_wrap sidebar_right'  >\n\n<style type=\"text\/css\" data-created_by=\"avia_inline_auto\" id=\"style-css-av-awzxy-d1b553ed388f27fd76a90f90794f6dfc\">\n.flex_cell.av-awzxy-d1b553ed388f27fd76a90f90794f6dfc{\nvertical-align:top;\nheight:296px;\nmin-height:296px;\nbackground:url(https:\/\/wbznord.de\/wp-content\/uploads\/2025\/06\/WBZ_Banner_karriere05-1500x228.png) 50% 50% no-repeat scroll ;\n}\n.responsive #top #wrap_all .flex_cell.av-awzxy-d1b553ed388f27fd76a90f90794f6dfc{\npadding:0px 0px 0px 0px !important;\n}\n<\/style>\n<div class='flex_cell av-awzxy-d1b553ed388f27fd76a90f90794f6dfc av-gridrow-cell av_one_full no_margin  avia-builder-el-5  avia-builder-el-no-sibling  av-zero-padding avia-full-contain' ><div class='flex_cell_inner'><\/div><\/div>\n<\/div>\n\n<style type=\"text\/css\" data-created_by=\"avia_inline_auto\" id=\"style-css-av-1ekupy-44656d8dae2783c29797cbf86bae3ece\">\n.avia-section.av-1ekupy-44656d8dae2783c29797cbf86bae3ece{\nmargin-top:80px;\nmargin-bottom:80px;\n}\n<\/style>\n<div id='av_section_1'  class='avia-section av-1ekupy-44656d8dae2783c29797cbf86bae3ece main_color avia-section-no-padding avia-no-border-styling  avia-builder-el-6  el_after_av_layout_row  el_before_av_section  avia-bg-style-scroll container_wrap sidebar_right'  ><div class='container av-section-cont-open' ><div class='template-page content  av-content-small alpha units'><div class='post-entry post-entry-type-page post-entry-4072'><div class='entry-content-wrapper clearfix'>\n\n<style type=\"text\/css\" data-created_by=\"avia_inline_auto\" id=\"style-css-av-16g7zy-cdf229329df12182c03613235b4ec89f\">\n.flex_column.av-16g7zy-cdf229329df12182c03613235b4ec89f{\npadding:0 0 0 0;\n}\n<\/style>\n<div  class='flex_column av-16g7zy-cdf229329df12182c03613235b4ec89f av_two_third  avia-builder-el-7  avia-builder-el-no-sibling  first flex_column_div av-zero-column-padding  '     ><section  class='av_textblock_section av-1m6fhi-6f333eb1972f1291b4f581a30c99eaa8 '   itemscope=\"itemscope\" itemtype=\"https:\/\/schema.org\/CreativeWork\" ><div class='avia_textblock'  itemprop=\"text\" ><h2><strong>\u0130\u015f ilan\u0131:<\/strong><\/h2>\n<\/div><\/section><br \/>\n<section  class='av_textblock_section av-w0ija-9e143508ad6abff28f2cc530c6cb6a9f '   itemscope=\"itemscope\" itemtype=\"https:\/\/schema.org\/CreativeWork\" ><div class='avia_textblock'  itemprop=\"text\" ><p><strong>Konum Hamburg | hemen | tam zamanl\u0131<\/strong><\/p>\n<\/div><\/section><br \/>\n<section  class='av_textblock_section av-mc8vaqid-3799b12860f7d914fafe7e84aa3c5211 '   itemscope=\"itemscope\" itemtype=\"https:\/\/schema.org\/CreativeWork\" ><div class='avia_textblock'  itemprop=\"text\" ><h2><strong>Akdeniz g\u0131dalar\u0131 i\u00e7in \u00dcr\u00fcn Geli\u015ftirici (m\/f\/d) \/Pazarlama M\u00fcd\u00fcr\u00fc<\/strong><\/h2>\n<\/div><\/section><br \/>\n<section  class='av_textblock_section av-34pvdr-cca6b19157baee8e782a47569455598f '   itemscope=\"itemscope\" itemtype=\"https:\/\/schema.org\/CreativeWork\" ><div class='avia_textblock'  itemprop=\"text\" ><p>Dinamik ve h\u0131rsl\u0131 ticaret \u015firketimiz, \u00dcr\u00fcn Geli\u015ftirici\/Pazarlama M\u00fcd\u00fcr\u00fc i\u00e7in \u00e7ok y\u00f6nl\u00fc bir pozisyon sunuyor.<\/p>\n<\/div><\/section><\/p><\/div>\n\n<\/div><\/div><\/div><!-- close content main div --><\/div><\/div>\n<style type=\"text\/css\" data-created_by=\"avia_inline_auto\" id=\"style-css-av-6sl65r-d23e9c0b7d371e66eb8d9bd220d9da5d\">\n.avia-section.av-6sl65r-d23e9c0b7d371e66eb8d9bd220d9da5d{\nmargin-top:40px;\nmargin-bottom:40px;\n}\n<\/style>\n<div id='av_section_2'  class='avia-section av-6sl65r-d23e9c0b7d371e66eb8d9bd220d9da5d main_color avia-section-no-padding avia-no-border-styling  avia-builder-el-12  el_after_av_section  el_before_av_section  avia-bg-style-scroll container_wrap sidebar_right'  ><div class='container av-section-cont-open' ><div class='template-page content  av-content-small alpha units'><div class='post-entry post-entry-type-page post-entry-4072'><div class='entry-content-wrapper clearfix'>\n\n<style type=\"text\/css\" data-created_by=\"avia_inline_auto\" id=\"style-css-av-5o2u5r-96982d8e9465ca452cc05626c2bccab4\">\n.flex_column.av-5o2u5r-96982d8e9465ca452cc05626c2bccab4{\npadding:0 0 0 0;\n}\n<\/style>\n<div  class='flex_column av-5o2u5r-96982d8e9465ca452cc05626c2bccab4 av_one_half  avia-builder-el-13  el_before_av_one_half  avia-builder-el-first  first flex_column_div av-zero-column-padding  '     ><section  class='av_textblock_section av-mc8vb9bc-c9931f764a6345ea7bb0d9e425dedbfa '   itemscope=\"itemscope\" itemtype=\"https:\/\/schema.org\/CreativeWork\" ><div class='avia_textblock'  itemprop=\"text\" ><h2 class=\"p2\"><strong><span class=\"s1\"><span class=\"Apple-converted-space\"> <\/span><\/span>\u0130htiya\u00e7 profilimiz:<span class=\"Apple-converted-space\"> <\/span><\/strong><\/h2>\n<\/div><\/section><br \/>\n<section  class='av_textblock_section av-mc8vc7ht-c6844a0ad9c393c795da75bb8171c0c7 '   itemscope=\"itemscope\" itemtype=\"https:\/\/schema.org\/CreativeWork\" ><div class='avia_textblock accept-list'  itemprop=\"text\" ><ul>\n<li>\u00dcr\u00fcn geli\u015ftirme ve\/veya pazarlama alan\u0131nda deneyim<\/li>\n<li>Yarat\u0131c\u0131l\u0131k, organizasyon yetene\u011fi ve hedef gruplara y\u00f6nelik bir his<\/li>\n<li>\u00c7ok iyi derecede Almanca ve \u0130ngilizce bilgisi &#8211; T\u00fcrk\u00e7e bilgisi bir art\u0131d\u0131r<\/li>\n<\/ul>\n<\/div><\/section><\/p><\/div>\n<style type=\"text\/css\" data-created_by=\"avia_inline_auto\" id=\"style-css-av-2d4n7j-00915cb091e350cbba1f01d5b6147cc6\">\n.flex_column.av-2d4n7j-00915cb091e350cbba1f01d5b6147cc6{\npadding:0 0 0 0;\n}\n<\/style>\n<div  class='flex_column av-2d4n7j-00915cb091e350cbba1f01d5b6147cc6 av_one_half  avia-builder-el-16  el_after_av_one_half  avia-builder-el-last  flex_column_div av-zero-column-padding  '     ><section  class='av_textblock_section av-mc8vebla-2b54373bee16377a16381fa88f1ec5fc '   itemscope=\"itemscope\" itemtype=\"https:\/\/schema.org\/CreativeWork\" ><div class='avia_textblock'  itemprop=\"text\" ><h2>Biz teklif ediyoruz:<\/h2>\n<\/div><\/section><br \/>\n<section  class='av_textblock_section av-mc8vewfg-06fcafb795d26bc0cf99899ecddf9b1c '   itemscope=\"itemscope\" itemtype=\"https:\/\/schema.org\/CreativeWork\" ><div class='avia_textblock accept-list'  itemprop=\"text\" ><ul>\n<li>Yenilik\u00e7i ve takdir edici bir \u00e7al\u0131\u015fma ortam\u0131<\/li>\n<li>Evden \u00e7al\u0131\u015fma se\u00e7ene\u011fi ile esnek \u00e7al\u0131\u015fma saatleri<\/li>\n<li>Ticaret fuarlar\u0131na ve sekt\u00f6rel etkinliklere kat\u0131l\u0131m ve geli\u015fme beklentileri<\/li>\n<\/ul>\n<\/div><\/section><\/p><\/div>\n\n<\/div><\/div><\/div><!-- close content main div --><\/div><\/div>\n<style type=\"text\/css\" data-created_by=\"avia_inline_auto\" id=\"style-css-av-4p5z8v-a8e4a0e06aae189ec65950097bf3b450\">\n.avia-section.av-4p5z8v-a8e4a0e06aae189ec65950097bf3b450{\nmargin-top:40px;\nmargin-bottom:40px;\n}\n<\/style>\n<div id='av_section_3'  class='avia-section av-4p5z8v-a8e4a0e06aae189ec65950097bf3b450 main_color avia-section-no-padding avia-no-border-styling  avia-builder-el-19  el_after_av_section  el_before_av_section  avia-bg-style-scroll container_wrap sidebar_right'  ><div class='container av-section-cont-open' ><div class='template-page content  av-content-small alpha units'><div class='post-entry post-entry-type-page post-entry-4072'><div class='entry-content-wrapper clearfix'>\n\n<style type=\"text\/css\" data-created_by=\"avia_inline_auto\" id=\"style-css-av-2xydy7-aaca7fa5bb2f4384519b4f89433f9d8f\">\n.flex_column.av-2xydy7-aaca7fa5bb2f4384519b4f89433f9d8f{\npadding:0 0 0 0;\n}\n<\/style>\n<div  class='flex_column av-2xydy7-aaca7fa5bb2f4384519b4f89433f9d8f av_two_third  avia-builder-el-20  avia-builder-el-no-sibling  first flex_column_div av-zero-column-padding  '     ><section  class='av_textblock_section av-mc8vm43k-bfdaf749bac0ad3fa175aced8c575cad '   itemscope=\"itemscope\" itemtype=\"https:\/\/schema.org\/CreativeWork\" ><div class='avia_textblock'  itemprop=\"text\" ><h2><strong>Beklentiler:<\/strong><\/h2>\n<\/div><\/section><br \/>\n<section  class='av_textblock_section av-mc8vmd3p-bc07cd42449e943ddd7ca9ce2a4572a5 '   itemscope=\"itemscope\" itemtype=\"https:\/\/schema.org\/CreativeWork\" ><div class='avia_textblock'  itemprop=\"text\" ><p class=\"p1\">Ba\u015far\u0131l\u0131 bir ba\u015flang\u0131\u00e7 ve departman\u0131n geli\u015fiminden sonra, uzun vadeli bir ekiple \u015fehir merkezinde bir ofis beklentisi var. Yarat\u0131c\u0131l\u0131\u011f\u0131n\u0131z\u0131 ve pazarlama uzmanl\u0131\u011f\u0131n\u0131z\u0131 dinamik bir ekibe katmak ve bir pazarlama departman\u0131 kurman\u0131n zorlu\u011funu \u00fcstlenmek istiyorsan\u0131z, ayr\u0131nt\u0131l\u0131 ba\u015fvurunuzu almay\u0131 d\u00f6rt g\u00f6zle bekliyoruz. <span class=\"Apple-converted-space\"> <\/span><\/p>\n<\/div><\/section><\/p><\/div>\n\n<\/div><\/div><\/div><!-- close content main div --><\/div><\/div>\n<style type=\"text\/css\" data-created_by=\"avia_inline_auto\" id=\"style-css-av-ax6jbj-5cb9178fd6d92e821ffbbd957a12730d\">\n.avia-section.av-ax6jbj-5cb9178fd6d92e821ffbbd957a12730d{\nmargin-top:40px;\nmargin-bottom:40px;\n}\n<\/style>\n<div id='av_section_4'  class='avia-section av-ax6jbj-5cb9178fd6d92e821ffbbd957a12730d main_color avia-section-no-padding avia-no-border-styling  avia-builder-el-23  el_after_av_section  el_before_av_layout_row  avia-bg-style-scroll container_wrap sidebar_right'  ><div class='container av-section-cont-open' ><div class='template-page content  av-content-small alpha units'><div class='post-entry post-entry-type-page post-entry-4072'><div class='entry-content-wrapper clearfix'>\n\n<style type=\"text\/css\" data-created_by=\"avia_inline_auto\" id=\"style-css-av-w77j3-1bb9ffba664bc4336b0748986b6cdde9\">\n.flex_column.av-w77j3-1bb9ffba664bc4336b0748986b6cdde9{\npadding:0 0 0 0;\n}\n<\/style>\n<div  class='flex_column av-w77j3-1bb9ffba664bc4336b0748986b6cdde9 av_one_half  avia-builder-el-24  el_before_av_one_half  avia-builder-el-first  first flex_column_div av-zero-column-padding  '     ><section  class='av_textblock_section av-7fukrj-9e478b8d6c47ee3f6aac573cfe7f3395 '   itemscope=\"itemscope\" itemtype=\"https:\/\/schema.org\/CreativeWork\" ><div class='avia_textblock'  itemprop=\"text\" ><h2>Senin g\u00f6revin:<\/h2>\n<\/div><\/section><br \/>\n<section  class='av_textblock_section av-mc8vn0xc-c58bea17bf44da7f56d76b8270a39305 '   itemscope=\"itemscope\" itemtype=\"https:\/\/schema.org\/CreativeWork\" ><div class='avia_textblock accept-list'  itemprop=\"text\" ><ul>\n<li data-start=\"440\" data-end=\"534\">\u0130\u00e7erik ve konsept a\u00e7\u0131s\u0131ndan yeni \u00fcr\u00fcnler ve ambalajlar geli\u015ftiriyorsunuz; yarat\u0131c\u0131 uygulama \u00e7e\u015fitli d\u0131\u015f ajanslarla i\u015fbirli\u011fi i\u00e7inde ger\u00e7ekle\u015ftiriliyor.<\/li>\n<li data-start=\"440\" data-end=\"534\">Laboratuvar, \u00fcretim ve d\u0131\u015f ortaklar\u0131m\u0131zla yak\u0131n bir \u015fekilde \u00e7al\u0131\u015facaks\u0131n\u0131z.<\/li>\n<li data-start=\"440\" data-end=\"534\">\u00dcr\u00fcn lansmanlar\u0131n\u0131 organize eder, destekler ve s\u00fcre\u00e7lerin sorunsuz ilerlemesini sa\u011flars\u0131n\u0131z.<\/li>\n<li data-start=\"440\" data-end=\"534\">\u00dcr\u00fcn bilgilerini ve pazarlama materyallerini korur ve g\u00fcncellersiniz.<\/li>\n<li data-start=\"440\" data-end=\"534\">Web sitesi ve sosyal medya kanallar\u0131m\u0131z\u0131n bak\u0131m\u0131nda bize destek olacaks\u0131n\u0131z.<\/li>\n<\/ul>\n<\/div><\/section><\/p><\/div>\n<style type=\"text\/css\" data-created_by=\"avia_inline_auto\" id=\"style-css-av-5d7w33-84af4b6758d8ab223095dfe681a3ea2d\">\n.flex_column.av-5d7w33-84af4b6758d8ab223095dfe681a3ea2d{\npadding:0 0 0 0;\n}\n<\/style>\n<div  class='flex_column av-5d7w33-84af4b6758d8ab223095dfe681a3ea2d av_one_half  avia-builder-el-27  el_after_av_one_half  avia-builder-el-last  flex_column_div av-zero-column-padding  '     ><section  class='av_textblock_section av-4wa3xb-882a0b657cb15cbba7f8aa36c5e3e9c6 '   itemscope=\"itemscope\" itemtype=\"https:\/\/schema.org\/CreativeWork\" ><div class='avia_textblock'  itemprop=\"text\" ><h2>Senin profilin:<\/h2>\n<\/div><\/section><br \/>\n<section  class='av_textblock_section av-3a0ey7-8cc9d157f3bf8313fc5c5377c6d9363a '   itemscope=\"itemscope\" itemtype=\"https:\/\/schema.org\/CreativeWork\" ><div class='avia_textblock accept-list'  itemprop=\"text\" ><ul>\n<li class=\"li2\">Tamamlanan pazarlama \u00e7al\u0131\u015fmalar\u0131<span class=\"Apple-converted-space\"> <\/span><\/li>\n<li class=\"li3\">\u0130deal olarak bir yarat\u0131c\u0131 ajans veya tasar\u0131m st\u00fcdyosunda birka\u00e7 y\u0131ll\u0131k profesyonel deneyim<span class=\"Apple-converted-space\"> <\/span><\/li>\n<li class=\"li3\">Bir kategori y\u00f6neticisi kursunun tamamlanmas\u0131 bir avantajd\u0131r<span class=\"Apple-converted-space\"> <\/span><\/li>\n<li class=\"li3\">Pazarlama ve \u00fcr\u00fcn tasar\u0131m\u0131 konusunda deneyim<span class=\"Apple-converted-space\"> <\/span><\/li>\n<li class=\"li3\">Yarat\u0131c\u0131 ve ba\u011f\u0131ms\u0131z d\u00fc\u015f\u00fcnme<span class=\"Apple-converted-space\"> <\/span><\/li>\n<li class=\"li3\">G\u00fc\u00e7l\u00fc ileti\u015fim becerileri<span class=\"Apple-converted-space\"> <\/span><\/li>\n<li class=\"li3\">Analitik beceriler ve veri odakl\u0131 kararlara yatk\u0131nl\u0131k<span class=\"Apple-converted-space\"> <\/span><\/li>\n<li class=\"li3\">Ekip i\u00e7inde \u00e7al\u0131\u015fma becerisi ve giri\u015fkenlik<span class=\"Apple-converted-space\"> <\/span><\/li>\n<li class=\"li4\">\u00c7ok iyi derecede Almanca ve \u0130ngilizce bilgisi<span class=\"Apple-converted-space\"> <\/span><\/li>\n<\/ul>\n<\/div><\/section><\/p><\/div>\n\n<\/div><\/div><\/div><!-- close content main div --><\/div><\/div><div id='av-layout-grid-3'  class='av-layout-grid-container av-25q7md-0d2d5910d104e5d69445e11908a5cddf entry-content-wrapper main_color av-flex-cells  avia-builder-el-30  el_after_av_section  el_before_av_section  entwicklung-last grid-row-not-first  container_wrap sidebar_right'  >\n\n<style type=\"text\/css\" data-created_by=\"avia_inline_auto\" id=\"style-css-av-lk6mreu5-94bb8e4b416a6aaadfb2ef8c220ea8bc\">\n.flex_cell.av-lk6mreu5-94bb8e4b416a6aaadfb2ef8c220ea8bc{\nvertical-align:middle;\nheight:230px;\nmin-height:230px;\n}\n.responsive #top #wrap_all .flex_cell.av-lk6mreu5-94bb8e4b416a6aaadfb2ef8c220ea8bc{\npadding:0px 0px 0px 0px !important;\n}\n<\/style>\n<div class='flex_cell av-lk6mreu5-94bb8e4b416a6aaadfb2ef8c220ea8bc av-gridrow-cell av_one_full no_margin  avia-builder-el-31  avia-builder-el-no-sibling  av-zero-padding' ><div class='flex_cell_inner'><section  class='av_textblock_section av-lk6mq2xc-78c1fe4dd620f5b42e1c1a32ba9e8ff8 '   itemscope=\"itemscope\" itemtype=\"https:\/\/schema.org\/CreativeWork\" ><div class='avia_textblock'  itemprop=\"text\" ><h2 class=\"p1\" style=\"text-align: center;\">Yarat\u0131c\u0131l\u0131\u011f\u0131n\u0131z\u0131 ve pazarlama uzmanl\u0131\u011f\u0131n\u0131z\u0131 dinamik bir ekibe katmak istiyorsan\u0131z<br \/>\n,<br \/>\ndetayl\u0131 ba\u015fvurunuzu bekliyoruz.<span class=\"Apple-converted-space\"> <\/span><\/h2>\n<\/div><\/section><br \/>\n<div  class='avia-button-wrap av-6y91y-884362fe4bcb9131213ecaf382d92e8d-wrap avia-button-center  avia-builder-el-33  el_after_av_textblock  avia-builder-el-last '>\n<style type=\"text\/css\" data-created_by=\"avia_inline_auto\" id=\"style-css-av-6y91y-884362fe4bcb9131213ecaf382d92e8d\">\n#top #wrap_all .avia-button.av-6y91y-884362fe4bcb9131213ecaf382d92e8d{\nmargin:25px 0 0 0;\n}\n<\/style>\n<a href='mailto:bewerbung@wbznord.de  '  class='avia-button av-6y91y-884362fe4bcb9131213ecaf382d92e8d avia-icon_select-no avia-size-large avia-position-center avia-color-theme-color-subtle'  ><span class='avia_iconbox_title' >bewerbung@wbznord.de  <\/span><\/a><\/div><\/p>\n<\/div><\/div><\/div>\n<style type=\"text\/css\" data-created_by=\"avia_inline_auto\" id=\"style-css-av-35ky7j-8b53eae4b249fe946aa53ec31d5a37f9\">\n.avia-section.av-35ky7j-8b53eae4b249fe946aa53ec31d5a37f9{\nmargin-top:80px;\nmargin-bottom:80px;\n}\n<\/style>\n<div id='av_section_5'  class='avia-section av-35ky7j-8b53eae4b249fe946aa53ec31d5a37f9 main_color avia-section-no-padding avia-no-border-styling  avia-builder-el-34  el_after_av_layout_row  el_before_av_layout_row  avia-bg-style-scroll container_wrap sidebar_right'  ><div class='container av-section-cont-open' ><div class='template-page content  av-content-small alpha units'><div class='post-entry post-entry-type-page post-entry-4072'><div class='entry-content-wrapper clearfix'>\n<div  class='avia-slideshow av-mc8yoq5p-a27af3254efe28615fdc6094ae95cb3a avia-slideshow-no scaling av_slideshow avia-slide-slider  avia-builder-el-35  avia-builder-el-no-sibling  av-slideshow-ui av-control-default av-slideshow-autoplay av-loop-endless av-loop-manual-endless av-default-height-applied avia-slideshow-1' data-slideshow-options=\"{&quot;animation&quot;:&quot;slide&quot;,&quot;autoplay&quot;:true,&quot;loop_autoplay&quot;:&quot;endless&quot;,&quot;interval&quot;:5,&quot;loop_manual&quot;:&quot;manual-endless&quot;,&quot;autoplay_stopper&quot;:false,&quot;noNavigation&quot;:false,&quot;bg_slider&quot;:false,&quot;keep_padding&quot;:false,&quot;hoverpause&quot;:false,&quot;show_slide_delay&quot;:0}\"  itemprop=\"image\" itemscope=\"itemscope\" itemtype=\"https:\/\/schema.org\/ImageObject\" ><ul class='avia-slideshow-inner ' style='padding-bottom: 56.25%;'><li  class='avia-slideshow-slide av-mc8yoq5p-a27af3254efe28615fdc6094ae95cb3a__0  slide-1 slide-odd'><div data-rel='slideshow-1' class='avia-slide-wrap '   ><img decoding=\"async\" class=\"wp-image-4183 avia-img-lazy-loading-not-4183\"  src=\"https:\/\/wbznord.de\/wp-content\/uploads\/2025\/06\/slider-04.png\" width=\"1920\" height=\"1080\" title='slider-04' alt=''  itemprop=\"thumbnailUrl\" srcset=\"https:\/\/wbznord.de\/wp-content\/uploads\/2025\/06\/slider-04.png 1920w, https:\/\/wbznord.de\/wp-content\/uploads\/2025\/06\/slider-04-300x169.png 300w, https:\/\/wbznord.de\/wp-content\/uploads\/2025\/06\/slider-04-1030x579.png 1030w, https:\/\/wbznord.de\/wp-content\/uploads\/2025\/06\/slider-04-768x432.png 768w, https:\/\/wbznord.de\/wp-content\/uploads\/2025\/06\/slider-04-1536x864.png 1536w, https:\/\/wbznord.de\/wp-content\/uploads\/2025\/06\/slider-04-1500x844.png 1500w, https:\/\/wbznord.de\/wp-content\/uploads\/2025\/06\/slider-04-705x397.png 705w\" sizes=\"(max-width: 1920px) 100vw, 1920px\" \/><\/div><\/li><li  class='avia-slideshow-slide av-mc8yoq5p-a27af3254efe28615fdc6094ae95cb3a__1  slide-2 slide-even'><div data-rel='slideshow-1' class='avia-slide-wrap '   ><img decoding=\"async\" class=\"wp-image-4213 avia-img-lazy-loading-not-4213\"  src=\"https:\/\/wbznord.de\/wp-content\/uploads\/2025\/06\/slider-05.png\" width=\"1920\" height=\"1080\" title='slider-05' alt=''  itemprop=\"thumbnailUrl\" srcset=\"https:\/\/wbznord.de\/wp-content\/uploads\/2025\/06\/slider-05.png 1920w, https:\/\/wbznord.de\/wp-content\/uploads\/2025\/06\/slider-05-300x169.png 300w, https:\/\/wbznord.de\/wp-content\/uploads\/2025\/06\/slider-05-1030x579.png 1030w, https:\/\/wbznord.de\/wp-content\/uploads\/2025\/06\/slider-05-768x432.png 768w, https:\/\/wbznord.de\/wp-content\/uploads\/2025\/06\/slider-05-1536x864.png 1536w, https:\/\/wbznord.de\/wp-content\/uploads\/2025\/06\/slider-05-1500x844.png 1500w, https:\/\/wbznord.de\/wp-content\/uploads\/2025\/06\/slider-05-705x397.png 705w\" sizes=\"(max-width: 1920px) 100vw, 1920px\" \/><\/div><\/li><li  class='avia-slideshow-slide av-mc8yoq5p-a27af3254efe28615fdc6094ae95cb3a__2  slide-3 slide-odd'><div data-rel='slideshow-1' class='avia-slide-wrap '   ><img decoding=\"async\" class=\"wp-image-4180 avia-img-lazy-loading-not-4180\"  src=\"https:\/\/wbznord.de\/wp-content\/uploads\/2025\/06\/slider-03.png\" width=\"1920\" height=\"1080\" title='slider-03' alt=''  itemprop=\"thumbnailUrl\" srcset=\"https:\/\/wbznord.de\/wp-content\/uploads\/2025\/06\/slider-03.png 1920w, https:\/\/wbznord.de\/wp-content\/uploads\/2025\/06\/slider-03-300x169.png 300w, https:\/\/wbznord.de\/wp-content\/uploads\/2025\/06\/slider-03-1030x579.png 1030w, https:\/\/wbznord.de\/wp-content\/uploads\/2025\/06\/slider-03-768x432.png 768w, https:\/\/wbznord.de\/wp-content\/uploads\/2025\/06\/slider-03-1536x864.png 1536w, https:\/\/wbznord.de\/wp-content\/uploads\/2025\/06\/slider-03-1500x844.png 1500w, https:\/\/wbznord.de\/wp-content\/uploads\/2025\/06\/slider-03-705x397.png 705w\" sizes=\"(max-width: 1920px) 100vw, 1920px\" \/><\/div><\/li><li  class='avia-slideshow-slide av-mc8yoq5p-a27af3254efe28615fdc6094ae95cb3a__3  slide-4 slide-even'><div data-rel='slideshow-1' class='avia-slide-wrap '   ><img decoding=\"async\" class=\"wp-image-4177 avia-img-lazy-loading-not-4177\"  src=\"https:\/\/wbznord.de\/wp-content\/uploads\/2025\/06\/slider-02.png\" width=\"1920\" height=\"1080\" title='slider-02' alt=''  itemprop=\"thumbnailUrl\" srcset=\"https:\/\/wbznord.de\/wp-content\/uploads\/2025\/06\/slider-02.png 1920w, https:\/\/wbznord.de\/wp-content\/uploads\/2025\/06\/slider-02-300x169.png 300w, https:\/\/wbznord.de\/wp-content\/uploads\/2025\/06\/slider-02-1030x579.png 1030w, https:\/\/wbznord.de\/wp-content\/uploads\/2025\/06\/slider-02-768x432.png 768w, https:\/\/wbznord.de\/wp-content\/uploads\/2025\/06\/slider-02-1536x864.png 1536w, https:\/\/wbznord.de\/wp-content\/uploads\/2025\/06\/slider-02-1500x844.png 1500w, https:\/\/wbznord.de\/wp-content\/uploads\/2025\/06\/slider-02-705x397.png 705w\" sizes=\"(max-width: 1920px) 100vw, 1920px\" \/><\/div><\/li><\/ul><div class='avia-slideshow-arrows avia-slideshow-controls' ><a href='#prev' class='prev-slide ' aria-hidden='true' data-av_icon='\ue87c' data-av_iconfont='entypo-fontello'  tabindex='-1'>\u00d6nceki<\/a><a href='#next' class='next-slide ' aria-hidden='true' data-av_icon='\ue87d' data-av_iconfont='entypo-fontello'  tabindex='-1'>Sonraki<\/a><\/div><div class='avia-slideshow-dots avia-slideshow-controls'><a href='#1' class='goto-slide active' >1<\/a><a href='#2' class='goto-slide ' >2<\/a><a href='#3' class='goto-slide ' >3<\/a><a href='#4' class='goto-slide ' >4<\/a><\/div><\/div>\n<\/p>\n<\/div><\/div><\/div><!-- close content main div --><\/div><\/div><div id='av-layout-grid-4'  class='av-layout-grid-container av-8t606-c388103ba14bd0eb2713b4e40af2d55f entry-content-wrapper main_color av-flex-cells  avia-builder-el-36  el_after_av_section  avia-builder-el-last  grid-row-not-first  container_wrap sidebar_right'  >\n\n<style type=\"text\/css\" data-created_by=\"avia_inline_auto\" id=\"style-css-av-lk6i4l41-386e4dc675f475900e5ed5554b2ee8c7\">\n.flex_cell.av-lk6i4l41-386e4dc675f475900e5ed5554b2ee8c7{\nvertical-align:top;\nheight:296px;\nmin-height:296px;\nbackground:url(https:\/\/wbznord.de\/wp-content\/uploads\/2025\/06\/WBZ_Banner_karriere01-1500x228.png) 50% 50% no-repeat scroll ;\n}\n.responsive #top #wrap_all .flex_cell.av-lk6i4l41-386e4dc675f475900e5ed5554b2ee8c7{\npadding:0px 0px 0px 0px !important;\n}\n<\/style>\n<div class='flex_cell av-lk6i4l41-386e4dc675f475900e5ed5554b2ee8c7 av-gridrow-cell av_one_full no_margin  avia-builder-el-37  avia-builder-el-no-sibling  av-zero-padding avia-full-contain' ><div class='flex_cell_inner'><\/div><\/div>\n<\/div>\n","protected":false},"excerpt":{"rendered":"<p>Bu bir Sayfa al\u0131nt\u0131s\u0131d\u0131r. Arama sonu\u00e7lar\u0131 i\u00e7in g\u00f6r\u00fcnt\u00fclenecektir<\/p>\n","protected":false},"author":1,"featured_media":0,"parent":0,"menu_order":0,"comment_status":"open","ping_status":"closed","template":"","meta":{"footnotes":""},"_links":{"self":[{"href":"https:\/\/wbznord.de\/tr\/wp-json\/wp\/v2\/pages\/4072"}],"collection":[{"href":"https:\/\/wbznord.de\/tr\/wp-json\/wp\/v2\/pages"}],"about":[{"href":"https:\/\/wbznord.de\/tr\/wp-json\/wp\/v2\/types\/page"}],"author":[{"embeddable":true,"href":"https:\/\/wbznord.de\/tr\/wp-json\/wp\/v2\/users\/1"}],"replies":[{"embeddable":true,"href":"https:\/\/wbznord.de\/tr\/wp-json\/wp\/v2\/comments?post=4072"}],"version-history":[{"count":65,"href":"https:\/\/wbznord.de\/tr\/wp-json\/wp\/v2\/pages\/4072\/revisions"}],"predecessor-version":[{"id":4255,"href":"https:\/\/wbznord.de\/tr\/wp-json\/wp\/v2\/pages\/4072\/revisions\/4255"}],"wp:attachment":[{"href":"https:\/\/wbznord.de\/tr\/wp-json\/wp\/v2\/media?parent=4072"}],"curies":[{"name":"wp","href":"https:\/\/api.w.org\/{rel}","templated":true}]}}