{"id":3994,"date":"2023-07-17T09:53:50","date_gmt":"2023-07-17T07:53:50","guid":{"rendered":"https:\/\/wbznord.de\/gelistirme\/"},"modified":"2024-08-23T11:58:40","modified_gmt":"2024-08-23T09:58:40","slug":"gelistirme","status":"publish","type":"page","link":"https:\/\/wbznord.de\/tr\/gelistirme\/","title":{"rendered":"Geli\u015ftirme"},"content":{"rendered":"<div id='av-layout-grid-1'  class='av-layout-grid-container av-lk6kyhcu-193bb41cb15d1c727b3ce41b4475daf8 entry-content-wrapper main_color av-flex-cells  avia-builder-el-0  el_before_av_layout_row  avia-builder-el-first   container_wrap sidebar_right'  >\n\n<style type=\"text\/css\" data-created_by=\"avia_inline_auto\" id=\"style-css-av-lk6kzpwq-5aa3143a964d095df1c96cadd050ae50\">\n.flex_cell.av-lk6kzpwq-5aa3143a964d095df1c96cadd050ae50{\nvertical-align:top;\nheight:150px;\nmin-height:150px;\nbackground-color:#05598d;\nbackground:linear-gradient( to right, #05598d, #007da6 );\n}\n<\/style>\n<div class='flex_cell av-lk6kzpwq-5aa3143a964d095df1c96cadd050ae50 av-gridrow-cell av_one_full no_margin  avia-builder-el-1  avia-builder-el-no-sibling ' ><div class='flex_cell_inner'>\n<style type=\"text\/css\" data-created_by=\"avia_inline_auto\" id=\"style-css-av-7t2c5-756493ac69f532dc52de231942a0e1a7\">\n\n@media only screen and (min-width: 990px){ \n.flex_column.av-7t2c5-756493ac69f532dc52de231942a0e1a7{\npadding:0 0 0 25%;\n}\n}\n\n@media only screen and (min-width: 768px) and (max-width: 989px){ \n.flex_column.av-7t2c5-756493ac69f532dc52de231942a0e1a7{\npadding:0 0 0 0px;\n}\n}\n\n@media only screen and (min-width: 480px) and (max-width: 767px){ \n.flex_column.av-7t2c5-756493ac69f532dc52de231942a0e1a7{\npadding:0 0 0 0px;\n}\n}\n\n@media only screen and (max-width: 479px){ \n.flex_column.av-7t2c5-756493ac69f532dc52de231942a0e1a7{\npadding:0 0 0 0px;\n}\n}\n<\/style>\n<div  class='flex_column av-7t2c5-756493ac69f532dc52de231942a0e1a7 av_one_full  avia-builder-el-2  avia-builder-el-no-sibling  first flex_column_div  '     ><style type=\"text\/css\" data-created_by=\"avia_inline_auto\" id=\"style-css-av-lk6l2cse-daeb20aaf53ccebfbeb22b7ce01eb270\">\n#top .av_textblock_section.av-lk6l2cse-daeb20aaf53ccebfbeb22b7ce01eb270 .avia_textblock{\nfont-size:32px;\ncolor:#ffffff;\n}\n<\/style>\n<section  class='av_textblock_section av-lk6l2cse-daeb20aaf53ccebfbeb22b7ce01eb270 '   itemscope=\"itemscope\" itemtype=\"https:\/\/schema.org\/CreativeWork\" ><div class='avia_textblock top-banner-text av_inherit_color'  itemprop=\"text\" ><p><strong>Geli\u015ftirme:<\/strong> \u00d6zelle\u015ftirilmi\u015f \u00fcr\u00fcnler ve markalar<\/p>\n<\/div><\/section><\/div>\n<\/div><\/div><\/div><div id='av-layout-grid-2'  class='av-layout-grid-container av-dpluu-af4d0b21d6b90008ff9d38ffdc345df3 entry-content-wrapper main_color av-flex-cells  avia-builder-el-4  el_after_av_layout_row  el_before_av_section  grid-row-not-first  container_wrap sidebar_right'  >\n\n<style type=\"text\/css\" data-created_by=\"avia_inline_auto\" id=\"style-css-av-awzxy-f67e13cdcfb7a0a15104256af7420a32\">\n.flex_cell.av-awzxy-f67e13cdcfb7a0a15104256af7420a32{\nvertical-align:top;\nheight:296px;\nmin-height:296px;\nbackground:url(https:\/\/wbznord.de\/wp-content\/uploads\/2023\/08\/WBZ_Banner_entwicklung.png) 50% 50% no-repeat scroll ;\n}\n.responsive #top #wrap_all .flex_cell.av-awzxy-f67e13cdcfb7a0a15104256af7420a32{\npadding:0px 0px 0px 0px !important;\n}\n<\/style>\n<div class='flex_cell av-awzxy-f67e13cdcfb7a0a15104256af7420a32 av-gridrow-cell av_one_full no_margin  avia-builder-el-5  avia-builder-el-no-sibling  av-zero-padding avia-full-contain' ><div class='flex_cell_inner'><\/div><\/div>\n<\/div><\/p>\n\n<style type=\"text\/css\" data-created_by=\"avia_inline_auto\" id=\"style-css-av-1ekupy-a5081433797d4ddf298d0cb53e505a5b\">\n.avia-section.av-1ekupy-a5081433797d4ddf298d0cb53e505a5b{\nmargin-top:80px;\nmargin-bottom:80px;\n}\n<\/style>\n<div id='av_section_1'  class='avia-section av-1ekupy-a5081433797d4ddf298d0cb53e505a5b main_color avia-section-no-padding avia-no-border-styling  avia-builder-el-6  el_after_av_layout_row  el_before_av_layout_row  avia-bg-style-scroll container_wrap sidebar_right'  ><div class='container av-section-cont-open' ><div class='template-page content  av-content-small alpha units'><div class='post-entry post-entry-type-page post-entry-3994'><div class='entry-content-wrapper clearfix'>\n\n<style type=\"text\/css\" data-created_by=\"avia_inline_auto\" id=\"style-css-av-16g7zy-cdf229329df12182c03613235b4ec89f\">\n.flex_column.av-16g7zy-cdf229329df12182c03613235b4ec89f{\npadding:0 0 0 0;\n}\n<\/style>\n<div  class='flex_column av-16g7zy-cdf229329df12182c03613235b4ec89f av_one_half  avia-builder-el-7  el_before_av_one_half  avia-builder-el-first  first flex_column_div av-zero-column-padding  '     ><section  class='av_textblock_section av-1m6fhi-6f333eb1972f1291b4f581a30c99eaa8 '   itemscope=\"itemscope\" itemtype=\"https:\/\/schema.org\/CreativeWork\" ><div class='avia_textblock'  itemprop=\"text\" ><h2><strong>Yeni fikirler mi?<\/strong>  Sizi ba\u015far\u0131ya giden yola sokaca\u011f\u0131z!<\/h2>\n<\/div><\/section><br \/>\n<section  class='av_textblock_section av-w0ija-9e143508ad6abff28f2cc530c6cb6a9f '   itemscope=\"itemscope\" itemtype=\"https:\/\/schema.org\/CreativeWork\" ><div class='avia_textblock'  itemprop=\"text\" ><p>WBZ Nord&#8217;da durma m\u0131? \u00d6yle bir \u015fey yok. Neyse ki. Birlikte, denenmi\u015f ve test edilmi\u015f olan\u0131 s\u0131nama, yeniden d\u00fc\u015f\u00fcnme ve ideal olarak optimize etme arzusuyla hareket ediyoruz. Ortaklar\u0131m\u0131z ve m\u00fc\u015fterilerimiz i\u00e7in yeni \u00fcr\u00fcn fikirlerini hayata ge\u00e7irmek de bizi ger\u00e7ekten heyecanland\u0131r\u0131yor. Uzun vadeli ve s\u00fcrd\u00fcr\u00fclebilir ba\u015far\u0131n\u0131n, \u015firketlerin nabz\u0131n\u0131 tutmalar\u0131 ve hedef kitlelerine ileriye d\u00f6n\u00fck yenilikler sunmalar\u0131yla yak\u0131ndan ilgili oldu\u011funa inan\u0131yoruz.<\/p>\n<\/div><\/section><br \/>\n\n<style type=\"text\/css\" data-created_by=\"avia_inline_auto\" id=\"style-css-av-lk6mnb3m-f501645312457dc154b2b4b9628f204e\">\n#top .hr.hr-invisible.av-lk6mnb3m-f501645312457dc154b2b4b9628f204e{\nheight:25px;\n}\n<\/style>\n<div  class='hr av-lk6mnb3m-f501645312457dc154b2b4b9628f204e hr-invisible  avia-builder-el-10  el_after_av_textblock  el_before_av_textblock '><span class='hr-inner '><span class=\"hr-inner-style\"><\/span><\/span><\/div><br \/>\n<section  class='av_textblock_section av-ivoxi-8782afdc259b9bd607deaf2c582396ca '   itemscope=\"itemscope\" itemtype=\"https:\/\/schema.org\/CreativeWork\" ><div class='avia_textblock'  itemprop=\"text\" ><h2><strong>Tam yol ileri!  <\/strong><\/h2>\n<h2>\u00dcr\u00fcn geli\u015ftirme alan\u0131ndaki hizmetlerimiz:<\/h2>\n<\/div><\/section><br \/>\n<section  class='av_textblock_section av-lk6mdpa4-5eef46be08d4c1e27b11bacbec147c00 '   itemscope=\"itemscope\" itemtype=\"https:\/\/schema.org\/CreativeWork\" ><div class='avia_textblock accept-list'  itemprop=\"text\" ><ul>\n<li>Trend \u00fcr\u00fcnlerin kavramsal olarak yeni ve daha da geli\u015ftirilmesi<\/li>\n<li>\u00d6rnekleme: Bile\u015fenlerin kontrol edilmesi<\/li>\n<li>Paketleme dahil olmak \u00fczere prototiplerin geli\u015ftirilmesi<\/li>\n<li>\u00dcr\u00fcn spesifikasyonlar\u0131na, yasal ve m\u00fc\u015fteriye \u00f6zel gerekliliklere uygunluk<\/li>\n<li>Denetimler ve test prosed\u00fcrleri<\/li>\n<\/ul>\n<\/div><\/section><\/p><\/div>\n<style type=\"text\/css\" data-created_by=\"avia_inline_auto\" id=\"style-css-av-23um9i-e0591786c1d6777a40be372fac0f054e\">\n.flex_column.av-23um9i-e0591786c1d6777a40be372fac0f054e{\npadding:0 0 0 0;\n}\n<\/style>\n<div  class='flex_column av-23um9i-e0591786c1d6777a40be372fac0f054e av_one_half  avia-builder-el-13  el_after_av_one_half  avia-builder-el-last  flex_column_div av-zero-column-padding  '     ><section  class='av_textblock_section av-lk6miphv-f7b5df5d16cc41776103ccc5b25e4a56 '   itemscope=\"itemscope\" itemtype=\"https:\/\/schema.org\/CreativeWork\" ><div class='avia_textblock'  itemprop=\"text\" ><h2>T\u00fcketim mallar\u0131 alan\u0131nda kendini kan\u0131tlam\u0131\u015f uzmanlar\u0131z.<\/h2>\n<\/div><\/section><br \/>\n<section  class='av_textblock_section av-1drczq-d7f7ff650c861e999631cef8636d27b8 '   itemscope=\"itemscope\" itemtype=\"https:\/\/schema.org\/CreativeWork\" ><div class='avia_textblock'  itemprop=\"text\" ><p>K\u00fcresel pazar\u0131 izliyor ve ilgili hedef gruplar\u0131n istek ve ihtiya\u00e7lar\u0131 hakk\u0131nda sekt\u00f6re \u00f6zg\u00fc bilgiler ediniyoruz. \u0130ster mevcut bir \u00fcr\u00fcn\u00fcn optimizasyonu, ister mevcut fikirlerin daha da geli\u015ftirilmesi ve hayata ge\u00e7irilmesi, isterse de tamamen yeni \u00fcr\u00fcn yakla\u015f\u0131mlar\u0131 olsun, t\u00fcm s\u00fcre\u00e7lerde m\u00fc\u015fterilerimizin bireyselli\u011fini daima g\u00f6z \u00f6n\u00fcnde bulunduruyoruz:<strong> Size ve \u015firketinize uygun olan nedir? <\/strong><strong>\u00dcr\u00fcn mevcut \u00fcr\u00fcn yelpazesine nas\u0131l entegre olur? <\/strong><strong>Gelece\u011fe uygun olmak i\u00e7in hangi trendler dikkate al\u0131nmal\u0131? <\/strong><strong>\u00dcr\u00fcn ne kadar kullan\u0131labilir, g\u00fcvenli ve maliyetli?<\/strong> Ayr\u0131ca m\u00fc\u015fteriye \u00f6zel ve yasal \u015fartname ve gerekliliklerden sosyal standartlara kadar t\u00fcm yasal gereklilikleri sizin i\u00e7in g\u00f6z \u00f6n\u00fcnde bulunduruyoruz. WBZ Nord ile esnek ve h\u0131zl\u0131 uygulama i\u00e7in g\u00fcvenilir \u00fcreticilerden olu\u015fan geni\u015f, uluslararas\u0131 bir a\u011fdan da faydalan\u0131rs\u0131n\u0131z!<\/p>\n<\/div><\/section><\/p><\/div>\n\n<\/div><\/div><\/div><!-- close content main div --><\/div><\/div><div id='av-layout-grid-3'  class='av-layout-grid-container av-25q7md-0d2d5910d104e5d69445e11908a5cddf entry-content-wrapper main_color av-flex-cells  avia-builder-el-16  el_after_av_section  el_before_av_layout_row  entwicklung-last grid-row-not-first  container_wrap sidebar_right'  >\n\n<style type=\"text\/css\" data-created_by=\"avia_inline_auto\" id=\"style-css-av-lk6mreu5-94bb8e4b416a6aaadfb2ef8c220ea8bc\">\n.flex_cell.av-lk6mreu5-94bb8e4b416a6aaadfb2ef8c220ea8bc{\nvertical-align:middle;\nheight:230px;\nmin-height:230px;\n}\n.responsive #top #wrap_all .flex_cell.av-lk6mreu5-94bb8e4b416a6aaadfb2ef8c220ea8bc{\npadding:0px 0px 0px 0px !important;\n}\n<\/style>\n<div class='flex_cell av-lk6mreu5-94bb8e4b416a6aaadfb2ef8c220ea8bc av-gridrow-cell av_one_full no_margin  avia-builder-el-17  avia-builder-el-no-sibling  av-zero-padding' ><div class='flex_cell_inner'><section  class='av_textblock_section av-lk6mq2xc-78c1fe4dd620f5b42e1c1a32ba9e8ff8 '   itemscope=\"itemscope\" itemtype=\"https:\/\/schema.org\/CreativeWork\" ><div class='avia_textblock'  itemprop=\"text\" ><h2 style=\"text-align: center;\">Bizimle ileti\u015fime ge\u00e7in!<\/h2>\n<\/div><\/section><br \/>\n<div  class='avia-button-wrap av-6y91y-a33eb87ce82129a4ee49197dd9cf804a-wrap avia-button-center  avia-builder-el-19  el_after_av_textblock  avia-builder-el-last '>\n<style type=\"text\/css\" data-created_by=\"avia_inline_auto\" id=\"style-css-av-6y91y-a33eb87ce82129a4ee49197dd9cf804a\">\n#top #wrap_all .avia-button.av-6y91y-a33eb87ce82129a4ee49197dd9cf804a{\nmargin:25px 0 0 0;\n}\n<\/style>\n<a href='https:\/\/wbznord.de\/kontakt\/'  class='avia-button av-6y91y-a33eb87ce82129a4ee49197dd9cf804a avia-icon_select-no avia-size-large avia-position-center avia-color-theme-color-subtle'  ><span class='avia_iconbox_title' >Bize ula\u015f\u0131n<\/span><\/a><\/div><\/p>\n<\/div><\/div>\n<\/div>\n<div id='av-layout-grid-4'  class='av-layout-grid-container av-8t606-c388103ba14bd0eb2713b4e40af2d55f entry-content-wrapper main_color av-flex-cells  avia-builder-el-20  el_after_av_layout_row  avia-builder-el-last  grid-row-not-first  container_wrap sidebar_right'  >\n\n<style type=\"text\/css\" data-created_by=\"avia_inline_auto\" id=\"style-css-av-lk6i4l41-5a5a2134b61d906318f3b2dc48ecbf55\">\n.flex_cell.av-lk6i4l41-5a5a2134b61d906318f3b2dc48ecbf55{\nvertical-align:top;\nheight:296px;\nmin-height:296px;\nbackground:url(https:\/\/wbznord.de\/wp-content\/uploads\/2023\/07\/WBZ_Banner_2-1-1.png) 50% 50% no-repeat scroll ;\n}\n.responsive #top #wrap_all .flex_cell.av-lk6i4l41-5a5a2134b61d906318f3b2dc48ecbf55{\npadding:0px 0px 0px 0px !important;\n}\n<\/style>\n<div class='flex_cell av-lk6i4l41-5a5a2134b61d906318f3b2dc48ecbf55 av-gridrow-cell av_one_full no_margin  avia-builder-el-21  avia-builder-el-no-sibling  av-zero-padding avia-full-contain' ><div class='flex_cell_inner'><\/div><\/div>\n<\/div>\n","protected":false},"excerpt":{"rendered":"<p>Bu bir Sayfa al\u0131nt\u0131s\u0131d\u0131r. Arama sonu\u00e7lar\u0131 i\u00e7in g\u00f6r\u00fcnt\u00fclenecektir<\/p>\n","protected":false},"author":1,"featured_media":0,"parent":0,"menu_order":0,"comment_status":"open","ping_status":"closed","template":"","meta":{"footnotes":""},"_links":{"self":[{"href":"https:\/\/wbznord.de\/tr\/wp-json\/wp\/v2\/pages\/3994"}],"collection":[{"href":"https:\/\/wbznord.de\/tr\/wp-json\/wp\/v2\/pages"}],"about":[{"href":"https:\/\/wbznord.de\/tr\/wp-json\/wp\/v2\/types\/page"}],"author":[{"embeddable":true,"href":"https:\/\/wbznord.de\/tr\/wp-json\/wp\/v2\/users\/1"}],"replies":[{"embeddable":true,"href":"https:\/\/wbznord.de\/tr\/wp-json\/wp\/v2\/comments?post=3994"}],"version-history":[{"count":2,"href":"https:\/\/wbznord.de\/tr\/wp-json\/wp\/v2\/pages\/3994\/revisions"}],"predecessor-version":[{"id":4007,"href":"https:\/\/wbznord.de\/tr\/wp-json\/wp\/v2\/pages\/3994\/revisions\/4007"}],"wp:attachment":[{"href":"https:\/\/wbznord.de\/tr\/wp-json\/wp\/v2\/media?parent=3994"}],"curies":[{"name":"wp","href":"https:\/\/api.w.org\/{rel}","templated":true}]}}