{"id":3993,"date":"2023-07-17T13:29:56","date_gmt":"2023-07-17T11:29:56","guid":{"rendered":"https:\/\/wbznord.de\/bize-ulasin\/"},"modified":"2024-08-23T11:58:40","modified_gmt":"2024-08-23T09:58:40","slug":"bize-ulasin","status":"publish","type":"page","link":"https:\/\/wbznord.de\/tr\/bize-ulasin\/","title":{"rendered":"Bize ula\u015f\u0131n"},"content":{"rendered":"<div id='av-layout-grid-1'  class='av-layout-grid-container av-lk6kyhcu-193bb41cb15d1c727b3ce41b4475daf8 entry-content-wrapper main_color av-flex-cells  avia-builder-el-0  el_before_av_layout_row  avia-builder-el-first   container_wrap sidebar_right'  >\n\n<style type=\"text\/css\" data-created_by=\"avia_inline_auto\" id=\"style-css-av-lk6kzpwq-5aa3143a964d095df1c96cadd050ae50\">\n.flex_cell.av-lk6kzpwq-5aa3143a964d095df1c96cadd050ae50{\nvertical-align:top;\nheight:150px;\nmin-height:150px;\nbackground-color:#05598d;\nbackground:linear-gradient( to right, #05598d, #007da6 );\n}\n<\/style>\n<div class='flex_cell av-lk6kzpwq-5aa3143a964d095df1c96cadd050ae50 av-gridrow-cell av_one_full no_margin  avia-builder-el-1  avia-builder-el-no-sibling ' ><div class='flex_cell_inner'>\n<style type=\"text\/css\" data-created_by=\"avia_inline_auto\" id=\"style-css-av-7t2c5-886c0544036955955dec87dfa0ac0ab0\">\n\n@media only screen and (min-width: 990px){ \n.flex_column.av-7t2c5-886c0544036955955dec87dfa0ac0ab0{\npadding:0 0 0 25%;\n}\n}\n\n@media only screen and (min-width: 768px) and (max-width: 989px){ \n.flex_column.av-7t2c5-886c0544036955955dec87dfa0ac0ab0{\npadding:0 0 0 0;\n}\n}\n\n@media only screen and (min-width: 480px) and (max-width: 767px){ \n.flex_column.av-7t2c5-886c0544036955955dec87dfa0ac0ab0{\npadding:0 0 0 0;\n}\n}\n\n@media only screen and (max-width: 479px){ \n.flex_column.av-7t2c5-886c0544036955955dec87dfa0ac0ab0{\npadding:0 0 0 0;\n}\n}\n<\/style>\n<div  class='flex_column av-7t2c5-886c0544036955955dec87dfa0ac0ab0 av_one_full  avia-builder-el-2  avia-builder-el-no-sibling  first flex_column_div  '     ><style type=\"text\/css\" data-created_by=\"avia_inline_auto\" id=\"style-css-av-lk6l2cse-daeb20aaf53ccebfbeb22b7ce01eb270\">\n#top .av_textblock_section.av-lk6l2cse-daeb20aaf53ccebfbeb22b7ce01eb270 .avia_textblock{\nfont-size:32px;\ncolor:#ffffff;\n}\n<\/style>\n<section  class='av_textblock_section av-lk6l2cse-daeb20aaf53ccebfbeb22b7ce01eb270 '   itemscope=\"itemscope\" itemtype=\"https:\/\/schema.org\/CreativeWork\" ><div class='avia_textblock top-banner-text av_inherit_color'  itemprop=\"text\" ><p><strong>Sizin i\u00e7in ne yapabiliriz?<\/strong><\/p>\n<\/div><\/section><\/div>\n<\/div><\/div><\/div><div id='av-layout-grid-2'  class='av-layout-grid-container av-dpluu-af4d0b21d6b90008ff9d38ffdc345df3 entry-content-wrapper main_color av-flex-cells  avia-builder-el-4  el_after_av_layout_row  el_before_av_section  grid-row-not-first  container_wrap sidebar_right'  >\n\n<style type=\"text\/css\" data-created_by=\"avia_inline_auto\" id=\"style-css-av-awzxy-a545d22e46480f2047015a19ae13414b\">\n.flex_cell.av-awzxy-a545d22e46480f2047015a19ae13414b{\nvertical-align:top;\nheight:296px;\nmin-height:296px;\nbackground:url(https:\/\/wbznord.de\/wp-content\/uploads\/2023\/07\/kontakt_top-banner.jpg) 50% 50% no-repeat scroll ;\n}\n.responsive #top #wrap_all .flex_cell.av-awzxy-a545d22e46480f2047015a19ae13414b{\npadding:0px 0px 0px 0px !important;\n}\n<\/style>\n<div class='flex_cell av-awzxy-a545d22e46480f2047015a19ae13414b av-gridrow-cell av_one_full no_margin  avia-builder-el-5  avia-builder-el-no-sibling  av-zero-padding avia-full-contain' ><div class='flex_cell_inner'><\/div><\/div>\n<\/div><\/p>\n<div id='av_section_1'  class='avia-section av-292o46-902e052913fbac98a1bf7f212bea39d3 main_color avia-section-default avia-no-border-styling  avia-builder-el-6  el_after_av_layout_row  el_before_av_layout_row  avia-bg-style-scroll container_wrap sidebar_right'  ><div class='container av-section-cont-open' ><div class='template-page content  av-content-small alpha units'><div class='post-entry post-entry-type-page post-entry-3993'><div class='entry-content-wrapper clearfix'>\n<div  class='flex_column av-9p846-64af273d1bb32f27cae3a66e4bdf0cfc av_four_fifth  avia-builder-el-7  el_before_av_one_fifth  avia-builder-el-first  first flex_column_div  '     ><p><section  class='av_textblock_section av-w0ija-9e143508ad6abff28f2cc530c6cb6a9f '   itemscope=\"itemscope\" itemtype=\"https:\/\/schema.org\/CreativeWork\" ><div class='avia_textblock'  itemprop=\"text\" ><p>Herhangi bir sorunuz veya endi\u015feniz var m\u0131? \u00dcr\u00fcn yelpazemiz veya hizmetlerimiz hakk\u0131nda daha fazla bilgi edinmek, ba\u011flay\u0131c\u0131 olmayan bir fiyat teklifi almak veya bizden yerinde randevu almak ister misiniz? Bizimle ileti\u015fime ge\u00e7in! L\u00fctfen ileti\u015fim formumuzu kullan\u0131n veya bizi aray\u0131n. Sorular\u0131n\u0131z\u0131 yan\u0131tlamaktan ve ihtiyac\u0131n\u0131z olan bilgileri size sa\u011flamaktan mutluluk duyaca\u011f\u0131z.<\/p>\n<\/div><\/section><br \/>\n<section  class='av_textblock_section av-lk74htrg-445091cfe9b4d43983f6d1a3d117eb75 '   itemscope=\"itemscope\" itemtype=\"https:\/\/schema.org\/CreativeWork\" ><div class='avia_textblock'  itemprop=\"text\" >\n<div class=\"wpcf7 no-js\" id=\"wpcf7-f4028-o1\" lang=\"tr-TR\" dir=\"ltr\">\n<div class=\"screen-reader-response\"><p role=\"status\" aria-live=\"polite\" aria-atomic=\"true\"><\/p> <ul><\/ul><\/div>\n<form action=\"\/tr\/wp-json\/wp\/v2\/pages\/3993#wpcf7-f4028-o1\" method=\"post\" class=\"wpcf7-form init\" aria-label=\"Contact form\" enctype=\"multipart\/form-data\" novalidate=\"novalidate\" data-status=\"init\">\n<div style=\"display: none;\">\n<input type=\"hidden\" name=\"_wpcf7\" value=\"4028\" \/>\n<input type=\"hidden\" name=\"_wpcf7_version\" value=\"5.7.7\" \/>\n<input type=\"hidden\" name=\"_wpcf7_locale\" value=\"tr_TR\" \/>\n<input type=\"hidden\" name=\"_wpcf7_unit_tag\" value=\"wpcf7-f4028-o1\" \/>\n<input type=\"hidden\" name=\"_wpcf7_container_post\" value=\"0\" \/>\n<input type=\"hidden\" name=\"_wpcf7_posted_data_hash\" value=\"\" \/>\n<\/div>\n<div class=\"flex_column av_one_half first\">\n<label>  \u0130sim*  <span class=\"wpcf7-form-control-wrap\" data-name=\"firstname\"><input size=\"40\" class=\"wpcf7-form-control wpcf7-text wpcf7-validates-as-required\" autocomplete=\"firstname\" aria-required=\"true\" aria-invalid=\"false\" value=\"\" type=\"text\" name=\"firstname\" \/><\/span>  <\/label>\n<\/div>\n\n<div class=\"flex_column av_one_half\"> \n<label>  Soyad\u0131*  <span class=\"wpcf7-form-control-wrap\" data-name=\"lastname\"><input size=\"40\" class=\"wpcf7-form-control wpcf7-text wpcf7-validates-as-required\" autocomplete=\"lastname\" aria-required=\"true\" aria-invalid=\"false\" value=\"\" type=\"text\" name=\"lastname\" \/><\/span>  <\/label> \n<\/div>\n\n<div class=\"flex_column av_one_half first\">\n<label>  E-posta*  <span class=\"wpcf7-form-control-wrap\" data-name=\"e-mail\"><input size=\"40\" class=\"wpcf7-form-control wpcf7-text wpcf7-email wpcf7-validates-as-required wpcf7-validates-as-email\" autocomplete=\"email\" aria-required=\"true\" aria-invalid=\"false\" value=\"\" type=\"email\" name=\"e-mail\" \/><\/span>  <\/label>\n<\/div>\n\n<div class=\"flex_column av_one_half\"> \n<label>  Telefon*  <span class=\"wpcf7-form-control-wrap\" data-name=\"tel\"><input size=\"40\" class=\"wpcf7-form-control wpcf7-text wpcf7-tel wpcf7-validates-as-required wpcf7-validates-as-tel\" autocomplete=\"telephone\" aria-required=\"true\" aria-invalid=\"false\" value=\"\" type=\"tel\" name=\"tel\" \/><\/span>  <\/label> \n<\/div>\n\n<div class=\"flex_column av_one_half first\">\n<label>  Pozisyon*  <span class=\"wpcf7-form-control-wrap\" data-name=\"position\"><input size=\"40\" class=\"wpcf7-form-control wpcf7-text wpcf7-validates-as-required\" autocomplete=\"position\" aria-required=\"true\" aria-invalid=\"false\" value=\"\" type=\"text\" name=\"position\" \/><\/span>  <\/label>\n<\/div>\n\n<div class=\"flex_column av_one_half\"> \n<label>  \u015eirket*  <span class=\"wpcf7-form-control-wrap\" data-name=\"firma\"><input size=\"40\" class=\"wpcf7-form-control wpcf7-text wpcf7-validates-as-required\" autocomplete=\"firma\" aria-required=\"true\" aria-invalid=\"false\" value=\"\" type=\"text\" name=\"firma\" \/><\/span>  <\/label> \n<\/div>\n\n<div class=\"flex_column av_one_full\"> \n<label>  Konu  <span class=\"wpcf7-form-control-wrap\" data-name=\"betreff\"><select class=\"wpcf7-form-control wpcf7-select wpcf7-validates-as-required\" aria-required=\"true\" aria-invalid=\"false\" name=\"betreff\"><option value=\"Angebotsanfrage\">Angebotsanfrage<\/option><option value=\"Gro\u00dfhandel\">Gro\u00dfhandel<\/option><option value=\"Gastronomiegro\u00dfhandel\">Gastronomiegro\u00dfhandel<\/option><option value=\"LEH-Kette\">LEH-Kette<\/option><option value=\"Individuelle Produkte\">Individuelle Produkte<\/option><\/select><\/span>  <\/label> \n<\/div>\n\n<div class=\"flex_column av_one_full\"> \n\n<div class=\"input-group file-upload\">\n\n<div class=\"wpcf7-form-control-wrap file-380 file-input\">\n<span class=\"wpcf7-form-control-wrap\" data-name=\"file-380\"><input size=\"40\" class=\"wpcf7-form-control wpcf7-file wpcf7-validates-as-required form-control-file\" id=\"cv_file\" accept=\".pdf,.jpg,.png,.jpeg\" aria-invalid=\"false\" type=\"file\" name=\"file-380\" \/><\/span>\n<\/div>\n<label>Ticari lisans\u0131n\u0131z\u0131 \u015fimdi y\u00fckleyin<\/label>\n<\/div>\n<\/div>\n\n\n\n<label>  Metin maksimum 1000 karakter *  <span class=\"wpcf7-form-control-wrap\" data-name=\"your-message\"><textarea cols=\"40\" rows=\"10\" maxlength=\"1000\" class=\"wpcf7-form-control wpcf7-textarea\" aria-invalid=\"false\" name=\"your-message\"><\/textarea><\/span> <\/label>\n<span class=\"wpcf7-form-control-wrap kc_captcha cf7ic-toggle\" data-name=\"kc_captcha\"><span class=\"wpcf7-form-control wpcf7-radio\"><span class=\"captcha-image\" style=\"display: none;\"><span class=\"cf7ic_instructions\">Please prove you are human by selecting the<span> plane<\/span>.<\/span><label><input type=\"radio\" name=\"kc_captcha\" value=\"bot\" \/><svg width=\"50\" height=\"50\" aria-hidden=\"true\" role=\"img\" xmlns=\"http:\/\/www.w3.org\/2000\/svg\" viewBox=\"0 0 640 512\"><path fill=\"currentColor\" d=\"M192 384h192c53 0 96-43 96-96h32a128 128 0 000-256H120c-13 0-24 11-24 24v232c0 53 43 96 96 96zM512 96a64 64 0 010 128h-32V96h32zm48 384H48c-47 0-61-64-36-64h584c25 0 11 64-36 64z\"\/><\/svg><\/label><label><input type=\"radio\" name=\"kc_captcha\" value=\"bot\" \/><svg width=\"50\" height=\"50\" aria-hidden=\"true\" role=\"img\" xmlns=\"http:\/\/www.w3.org\/2000\/svg\" viewBox=\"0 0 384 512\"><path fill=\"currentColor\" d=\"M377 375l-83-87h34c21 0 32-25 17-40l-82-88h33c21 0 32-25 18-40L210 8c-10-11-26-11-36 0L70 120c-14 15-3 40 18 40h33l-82 88c-15 15-4 40 17 40h34L7 375c-15 16-4 41 17 41h120c0 33-11 49-34 68-12 9-5 28 10 28h144c15 0 22-19 10-28-20-16-34-32-34-68h120c21 0 32-25 17-41z\"\/><\/svg><\/label><label><input type=\"radio\" name=\"kc_captcha\" value=\"kc_human\" \/><svg width=\"50\" height=\"50\" aria-hidden=\"true\" role=\"img\" xmlns=\"http:\/\/www.w3.org\/2000\/svg\" viewBox=\"0 0 576 512\"><path fill=\"currentColor\" d=\"M472 200H360L256 6a12 12 0 00-10-6h-58c-8 0-14 7-12 15l34 185H100l-35-58a12 12 0 00-10-6H12c-8 0-13 7-12 14l21 106L0 362c-1 7 4 14 12 14h43c4 0 8-2 10-6l35-58h110l-34 185c-2 8 4 15 12 15h58a12 12 0 0010-6l104-194h112c57 0 104-25 104-56s-47-56-104-56z\"\/><\/svg><\/label>\r\n    <\/span>\r\n    <span style=\"display:none\">\r\n        <input type=\"text\" name=\"kc_honeypot\">\r\n    <\/span><\/span><\/span>\n<input class=\"wpcf7-form-control has-spinner wpcf7-submit\" type=\"submit\" value=\"Senden\" \/><div class=\"wpcf7-response-output\" aria-hidden=\"true\"><\/div>\n<\/form>\n<\/div>\n\n<\/div><\/section><\/p><\/div><div  class='flex_column av-2wiahi-e21323c18eaf7ea5062d65ae29f15623 av_one_fifth  avia-builder-el-10  el_after_av_four_fifth  avia-builder-el-last  flex_column_div  '     ><p><section  class='av_textblock_section av-1drczq-d7f7ff650c861e999631cef8636d27b8 '   itemscope=\"itemscope\" itemtype=\"https:\/\/schema.org\/CreativeWork\" ><div class='avia_textblock'  itemprop=\"text\" ><p>Ayr\u0131ca sizi Hamburg&#8217;da bizi ziyaret etmeye ve ticaret \u015firketimizi ve \u00fcr\u00fcnlerimizi kendiniz g\u00f6rmeye davet ediyoruz. Geni\u015f \u00fcr\u00fcn yelpazemizden ve y\u00fcksek kalite standartlar\u0131m\u0131zdan etkilenece\u011finize inan\u0131yoruz.<\/p>\n<\/div><\/section><br \/>\n<section  class='av_textblock_section av-lk6sg15n-70cf59e62fea5a3cb47ae87afbe21cf6 '   itemscope=\"itemscope\" itemtype=\"https:\/\/schema.org\/CreativeWork\" ><div class='avia_textblock'  itemprop=\"text\" ><p>Sizi \u015firketimizde a\u011f\u0131rlamak ve ticari faaliyetlerimizle tan\u0131\u015ft\u0131rmak i\u00e7in sab\u0131rs\u0131zlan\u0131yoruz.<\/p>\n<\/div><\/section><br \/>\n<section  class='av_textblock_section av-lk6sgpa4-f5e1eb950f5d27140a7e195423ceb595 '   itemscope=\"itemscope\" itemtype=\"https:\/\/schema.org\/CreativeWork\" ><div class='avia_textblock'  itemprop=\"text\" ><p>Telefon <a href=\"tel%2079%\">+49-40-76 79 51 99-0<\/a> Faks <a href=\"tel%2079%\">+49-40-76 79 51 99-9<\/a> E-posta<strong>info@wbznord.deWBZ NORD GmbH<\/strong> Banksstrasse 1 &#8211; 28 D 20097 Hamburg<\/p>\n<\/div><\/section><br \/>\n<section  class='av_textblock_section av-lk6shyn7-ad4222e705d30ea276a2758c3afc739a '   itemscope=\"itemscope\" itemtype=\"https:\/\/schema.org\/CreativeWork\" ><div class='avia_textblock'  itemprop=\"text\" ><p><strong>T\u00fcketiciler i\u00e7in ileti\u015fim bilgilerimiz<\/strong> T\u00fcketici olarak bireysel \u00fcr\u00fcn talepleriniz veya \u015fikayetleriniz i\u00e7in l\u00fctfen bize e-posta g\u00f6nderin: <a href=\"verbraucher@wbznord.de\">verbraucher@wbznord.de<\/a><\/p>\n<\/div><\/section><\/p><\/div>\n\n<\/div><\/div><\/div><!-- close content main div --><\/div><\/div><div id='av-layout-grid-3'  class='av-layout-grid-container av-8t606-c388103ba14bd0eb2713b4e40af2d55f entry-content-wrapper main_color av-flex-cells  avia-builder-el-15  el_after_av_section  avia-builder-el-last  grid-row-not-first  container_wrap sidebar_right'  >\n\n<style type=\"text\/css\" data-created_by=\"avia_inline_auto\" id=\"style-css-av-lk6i4l41-ced644cf839341ffd99664c3c7b67ce6\">\n.flex_cell.av-lk6i4l41-ced644cf839341ffd99664c3c7b67ce6{\nvertical-align:top;\nheight:296px;\nmin-height:296px;\nbackground:url(https:\/\/wbznord.de\/wp-content\/uploads\/2023\/07\/WBZ_Banner_3-1-1.png) 50% 50% no-repeat scroll ;\n}\n.responsive #top #wrap_all .flex_cell.av-lk6i4l41-ced644cf839341ffd99664c3c7b67ce6{\npadding:0px 0px 0px 0px !important;\n}\n<\/style>\n<div class='flex_cell av-lk6i4l41-ced644cf839341ffd99664c3c7b67ce6 av-gridrow-cell av_one_full no_margin  avia-builder-el-16  avia-builder-el-no-sibling  av-zero-padding avia-full-contain' ><div class='flex_cell_inner'><\/div><\/div>\n<\/div>\n","protected":false},"excerpt":{"rendered":"<p>Bu bir Sayfa al\u0131nt\u0131s\u0131d\u0131r. Arama sonu\u00e7lar\u0131 i\u00e7in g\u00f6r\u00fcnt\u00fclenecektir<\/p>\n","protected":false},"author":1,"featured_media":0,"parent":0,"menu_order":0,"comment_status":"open","ping_status":"closed","template":"","meta":{"footnotes":""},"_links":{"self":[{"href":"https:\/\/wbznord.de\/tr\/wp-json\/wp\/v2\/pages\/3993"}],"collection":[{"href":"https:\/\/wbznord.de\/tr\/wp-json\/wp\/v2\/pages"}],"about":[{"href":"https:\/\/wbznord.de\/tr\/wp-json\/wp\/v2\/types\/page"}],"author":[{"embeddable":true,"href":"https:\/\/wbznord.de\/tr\/wp-json\/wp\/v2\/users\/1"}],"replies":[{"embeddable":true,"href":"https:\/\/wbznord.de\/tr\/wp-json\/wp\/v2\/comments?post=3993"}],"version-history":[{"count":2,"href":"https:\/\/wbznord.de\/tr\/wp-json\/wp\/v2\/pages\/3993\/revisions"}],"predecessor-version":[{"id":4004,"href":"https:\/\/wbznord.de\/tr\/wp-json\/wp\/v2\/pages\/3993\/revisions\/4004"}],"wp:attachment":[{"href":"https:\/\/wbznord.de\/tr\/wp-json\/wp\/v2\/media?parent=3993"}],"curies":[{"name":"wp","href":"https:\/\/api.w.org\/{rel}","templated":true}]}}