{"id":3992,"date":"2023-08-02T23:02:59","date_gmt":"2023-08-02T21:02:59","guid":{"rendered":"https:\/\/wbznord.de\/kuenye\/"},"modified":"2024-08-23T11:58:40","modified_gmt":"2024-08-23T09:58:40","slug":"kuenye","status":"publish","type":"page","link":"https:\/\/wbznord.de\/tr\/kuenye\/","title":{"rendered":"K\u00fcnye"},"content":{"rendered":"<div id='av-layout-grid-1'  class='av-layout-grid-container av-lk6kyhcu-193bb41cb15d1c727b3ce41b4475daf8 entry-content-wrapper main_color av-flex-cells  avia-builder-el-0  el_before_av_layout_row  avia-builder-el-first   container_wrap sidebar_right'  >\n\n<style type=\"text\/css\" data-created_by=\"avia_inline_auto\" id=\"style-css-av-lk6kzpwq-5aa3143a964d095df1c96cadd050ae50\">\n.flex_cell.av-lk6kzpwq-5aa3143a964d095df1c96cadd050ae50{\nvertical-align:top;\nheight:150px;\nmin-height:150px;\nbackground-color:#05598d;\nbackground:linear-gradient( to right, #05598d, #007da6 );\n}\n<\/style>\n<div class='flex_cell av-lk6kzpwq-5aa3143a964d095df1c96cadd050ae50 av-gridrow-cell av_one_full no_margin  avia-builder-el-1  avia-builder-el-no-sibling ' ><div class='flex_cell_inner'>\n<style type=\"text\/css\" data-created_by=\"avia_inline_auto\" id=\"style-css-av-7t2c5-756493ac69f532dc52de231942a0e1a7\">\n\n@media only screen and (min-width: 990px){ \n.flex_column.av-7t2c5-756493ac69f532dc52de231942a0e1a7{\npadding:0 0 0 25%;\n}\n}\n\n@media only screen and (min-width: 768px) and (max-width: 989px){ \n.flex_column.av-7t2c5-756493ac69f532dc52de231942a0e1a7{\npadding:0 0 0 0px;\n}\n}\n\n@media only screen and (min-width: 480px) and (max-width: 767px){ \n.flex_column.av-7t2c5-756493ac69f532dc52de231942a0e1a7{\npadding:0 0 0 0px;\n}\n}\n\n@media only screen and (max-width: 479px){ \n.flex_column.av-7t2c5-756493ac69f532dc52de231942a0e1a7{\npadding:0 0 0 0px;\n}\n}\n<\/style>\n<div  class='flex_column av-7t2c5-756493ac69f532dc52de231942a0e1a7 av_one_full  avia-builder-el-2  avia-builder-el-no-sibling  first flex_column_div  '     ><style type=\"text\/css\" data-created_by=\"avia_inline_auto\" id=\"style-css-av-lk6l2cse-daeb20aaf53ccebfbeb22b7ce01eb270\">\n#top .av_textblock_section.av-lk6l2cse-daeb20aaf53ccebfbeb22b7ce01eb270 .avia_textblock{\nfont-size:32px;\ncolor:#ffffff;\n}\n<\/style>\n<section  class='av_textblock_section av-lk6l2cse-daeb20aaf53ccebfbeb22b7ce01eb270 '   itemscope=\"itemscope\" itemtype=\"https:\/\/schema.org\/CreativeWork\" ><div class='avia_textblock top-banner-text av_inherit_color'  itemprop=\"text\" ><p><strong>Bask\u0131:<\/strong><\/p>\n<\/div><\/section><\/div>\n<\/div><\/div>\n<\/div>\n<div id='av-layout-grid-2'  class='av-layout-grid-container av-dpluu-af4d0b21d6b90008ff9d38ffdc345df3 entry-content-wrapper main_color av-flex-cells  avia-builder-el-4  el_after_av_layout_row  el_before_av_section  grid-row-not-first  container_wrap sidebar_right'  >\n\n<style type=\"text\/css\" data-created_by=\"avia_inline_auto\" id=\"style-css-av-awzxy-ce2418be0b44e4a1da5a3c1c391d3c28\">\n.flex_cell.av-awzxy-ce2418be0b44e4a1da5a3c1c391d3c28{\nvertical-align:top;\nheight:296px;\nmin-height:296px;\nbackground:url(https:\/\/wbznord.de\/wp-content\/uploads\/2023\/08\/WBZ_Banner_impressum2.png) 50% 50% no-repeat scroll ;\n}\n.responsive #top #wrap_all .flex_cell.av-awzxy-ce2418be0b44e4a1da5a3c1c391d3c28{\npadding:0px 0px 0px 0px !important;\n}\n<\/style>\n<div class='flex_cell av-awzxy-ce2418be0b44e4a1da5a3c1c391d3c28 av-gridrow-cell av_one_full no_margin  avia-builder-el-5  avia-builder-el-no-sibling  av-zero-padding avia-full-contain' ><div class='flex_cell_inner'><\/div><\/div>\n<\/div>\n\n<style type=\"text\/css\" data-created_by=\"avia_inline_auto\" id=\"style-css-av-1ekupy-7124accb4021c8b7271d95ccb8b35c22\">\n\n@media only screen and (min-width: 990px){ \n.avia-section.av-1ekupy-7124accb4021c8b7271d95ccb8b35c22{\nmargin-top:80px;\nmargin-bottom:250px;\n}\n}\n<\/style>\n<div id='av_section_1'  class='avia-section av-1ekupy-7124accb4021c8b7271d95ccb8b35c22 main_color avia-section-no-padding avia-no-border-styling  avia-builder-el-6  el_after_av_layout_row  el_before_av_layout_row  avia-bg-style-scroll container_wrap sidebar_right'  ><div class='container av-section-cont-open' ><div class='template-page content  av-content-small alpha units'><div class='post-entry post-entry-type-page post-entry-3992'><div class='entry-content-wrapper clearfix'>\n\n<style type=\"text\/css\" data-created_by=\"avia_inline_auto\" id=\"style-css-av-16g7zy-cdf229329df12182c03613235b4ec89f\">\n.flex_column.av-16g7zy-cdf229329df12182c03613235b4ec89f{\npadding:0 0 0 0;\n}\n<\/style>\n<div  class='flex_column av-16g7zy-cdf229329df12182c03613235b4ec89f av_one_half  avia-builder-el-7  el_before_av_one_half  avia-builder-el-first  first flex_column_div av-zero-column-padding  '     ><section  class='av_textblock_section av-1m6fhi-6f333eb1972f1291b4f581a30c99eaa8 '   itemscope=\"itemscope\" itemtype=\"https:\/\/schema.org\/CreativeWork\" ><div class='avia_textblock'  itemprop=\"text\" ><h2><strong>WBZ NORD GmbH<\/strong><\/h2>\n<\/div><\/section><br \/>\n<section  class='av_textblock_section av-w0ija-9e143508ad6abff28f2cc530c6cb6a9f '   itemscope=\"itemscope\" itemtype=\"https:\/\/schema.org\/CreativeWork\" ><div class='avia_textblock'  itemprop=\"text\" ><p class=\"p2\"><strong><span class=\"Apple-converted-space\">WBZ NORD GmbH<\/span>Banksstr.<strong><\/strong><\/strong> 1-28<span class=\"Apple-converted-space\"><br \/>\n<\/span>20097 Hamburg<span class=\"Apple-converted-space\"> <\/span><\/p>\n<p class=\"p2\">Ticaret sicili: HRB 121065<span class=\"Apple-converted-space\"> <\/span><\/p>\n<p class=\"p2\">Kay\u0131t mahkemesi: Hamburg Yerel Mahkemesi<span class=\"Apple-converted-space\"> <\/span><\/p>\n<p class=\"p2\"><strong><span class=\"Apple-converted-space\"><\/span><span class=\"Apple-converted-space\">T<strong>emsil eden:<\/strong>Genel M\u00fcd\u00fcr Nimet \u015eahing\u00f6z<strong><\/strong><\/span><\/strong><span class=\"Apple-converted-space\"> <\/span><\/p>\n<p class=\"p3\"><span class=\"Apple-converted-space\"><span class=\"Apple-converted-space\"><span class=\"Apple-converted-space\">\u0130leti\u015fim <strong> Telefon: +49 (040) 76795199-0 Faks: +49 (040) 76795199-0<span class=\"s2\">E-posta <\/span>:<a href=\"mailto:info@wbznord.de\">info@wbznord.de<span class=\"Apple-converted-space\"> <\/span><\/a><\/strong><\/span><\/span><\/span> <\/p>\n<p class=\"p3\"><strong>Sat\u0131\u015f vergisi kimli\u011fi<\/strong><span class=\"Apple-converted-space\"><strong> <\/strong><\/span><span class=\"Apple-converted-space\">Katma De\u011fer Vergisi Kanunu Madde 27 a uyar\u0131nca katma de\u011fer vergisi kimlik numaras\u0131: DE 280898649<\/span><span class=\"Apple-converted-space\"> <\/span><\/p>\n<p class=\"p3\"><strong><span class=\"Apple-converted-space\"><\/span><span class=\"Apple-converted-space\"><span class=\"Apple-converted-space\">A<strong>B uy<\/strong>u\u015fmazl\u0131k <strong>\u00e7\u00f6z\u00fcm\u00fc<\/strong>Avrupa Komisyonu, \u00e7evrimi\u00e7i uyu\u015fmazl\u0131k \u00e7\u00f6z\u00fcm\u00fc (OS) i\u00e7in bir platform sunmaktad\u0131r: https:\/\/ec.europa.eu\/consumers\/odr\/. E-posta adresimizi yukar\u0131daki yasal bildirimde bulabilirsiniz.<\/span><\/span><\/strong><span class=\"Apple-converted-space\"> <\/span><\/p>\n<p class=\"p3\"><strong><span class=\"Apple-converted-space\"><\/span><span class=\"Apple-converted-space\"> <\/span>T<strong>\u00fcketici uyu\u015fmazl\u0131klar\u0131n\u0131n \u00e7\u00f6z\u00fcm\u00fc\/evrensel tahkim<\/strong>kurumu Bir t\u00fcketici<strong>tahkim<\/strong>kurumu nezdindeki uyu\u015fmazl\u0131k \u00e7\u00f6z\u00fcm\u00fc i\u015flemlerine kat\u0131lmaya istekli veya y\u00fck\u00fcml\u00fc de\u011filiz<strong><\/strong><\/strong><span class=\"Apple-converted-space\"> <\/span><\/p>\n<\/div><\/section><\/p><\/div>\n<style type=\"text\/css\" data-created_by=\"avia_inline_auto\" id=\"style-css-av-23um9i-e0591786c1d6777a40be372fac0f054e\">\n.flex_column.av-23um9i-e0591786c1d6777a40be372fac0f054e{\npadding:0 0 0 0;\n}\n<\/style>\n<div  class='flex_column av-23um9i-e0591786c1d6777a40be372fac0f054e av_one_half  avia-builder-el-10  el_after_av_one_half  avia-builder-el-last  flex_column_div av-zero-column-padding  '     ><\/div><\/div><\/div><\/div><!-- close content main div --><\/div><\/div><div id='av-layout-grid-3'  class='av-layout-grid-container av-8t606-c388103ba14bd0eb2713b4e40af2d55f entry-content-wrapper main_color av-flex-cells  avia-builder-el-11  el_after_av_section  avia-builder-el-last  grid-row-not-first  container_wrap sidebar_right'  >\n\n<style type=\"text\/css\" data-created_by=\"avia_inline_auto\" id=\"style-css-av-lk6i4l41-94ba11bd5435efe2e5f9580cf05b783e\">\n.flex_cell.av-lk6i4l41-94ba11bd5435efe2e5f9580cf05b783e{\nvertical-align:top;\nheight:296px;\nmin-height:296px;\nbackground:url(https:\/\/wbznord.de\/wp-content\/uploads\/2023\/08\/WBZ_Banner_impressum1.png) 50% 50% no-repeat scroll ;\n}\n.responsive #top #wrap_all .flex_cell.av-lk6i4l41-94ba11bd5435efe2e5f9580cf05b783e{\npadding:0px 0px 0px 0px !important;\n}\n<\/style>\n<div class='flex_cell av-lk6i4l41-94ba11bd5435efe2e5f9580cf05b783e av-gridrow-cell av_one_full no_margin  avia-builder-el-12  avia-builder-el-no-sibling  av-zero-padding avia-full-contain' ><div class='flex_cell_inner'><\/div><\/div>\n<\/div><\/p>\n","protected":false},"excerpt":{"rendered":"<p>Bu bir Sayfa al\u0131nt\u0131s\u0131d\u0131r. Arama sonu\u00e7lar\u0131 i\u00e7in g\u00f6r\u00fcnt\u00fclenecektir<\/p>\n","protected":false},"author":1,"featured_media":0,"parent":0,"menu_order":0,"comment_status":"open","ping_status":"closed","template":"","meta":{"footnotes":""},"_links":{"self":[{"href":"https:\/\/wbznord.de\/tr\/wp-json\/wp\/v2\/pages\/3992"}],"collection":[{"href":"https:\/\/wbznord.de\/tr\/wp-json\/wp\/v2\/pages"}],"about":[{"href":"https:\/\/wbznord.de\/tr\/wp-json\/wp\/v2\/types\/page"}],"author":[{"embeddable":true,"href":"https:\/\/wbznord.de\/tr\/wp-json\/wp\/v2\/users\/1"}],"replies":[{"embeddable":true,"href":"https:\/\/wbznord.de\/tr\/wp-json\/wp\/v2\/comments?post=3992"}],"version-history":[{"count":2,"href":"https:\/\/wbznord.de\/tr\/wp-json\/wp\/v2\/pages\/3992\/revisions"}],"predecessor-version":[{"id":4005,"href":"https:\/\/wbznord.de\/tr\/wp-json\/wp\/v2\/pages\/3992\/revisions\/4005"}],"wp:attachment":[{"href":"https:\/\/wbznord.de\/tr\/wp-json\/wp\/v2\/media?parent=3992"}],"curies":[{"name":"wp","href":"https:\/\/api.w.org\/{rel}","templated":true}]}}